{"id":1461,"date":"2023-05-23T14:12:11","date_gmt":"2023-05-23T14:12:11","guid":{"rendered":"https:\/\/www.realhotelsgroup.com\/?page_id=1461"},"modified":"2025-09-19T13:48:35","modified_gmt":"2025-09-19T13:48:35","slug":"compliance","status":"publish","type":"page","link":"https:\/\/www.realhotelsgroup.com\/pt-pt\/compliance\/","title":{"rendered":"Compliance"},"content":{"rendered":"<h2>Integridade e Transpar\u00eancia no Real Hotels Group<\/h2>\n<p>No <strong>Real Hotels Group<\/strong> valorizamos a integridade e a transpar\u00eancia em todas as nossas opera\u00e7\u00f5es. Para garantir que mantemos os mais altos padr\u00f5es \u00e9ticos, implementamos tr\u00eas pilares fundamentais: o <strong>Canal de Den\u00fancias<\/strong>, o <strong>C\u00f3digo de \u00c9tica e de Conduta<\/strong> e o <strong>Plano de Preven\u00e7\u00e3o de Riscos de Corrup\u00e7\u00e3o<\/strong>. Estes elementos s\u00e3o essenciais para promover um ambiente de trabalho \u00e9tico e seguro.<\/p>\n<p><strong>Canal de Den\u00fancias<br \/>\n<\/strong>Disponibilizamos um canal de den\u00fancias, permitindo que colaboradores e parceiros reportem, de forma an\u00f3nima, qualquer suspeita de pr\u00e1ticas il\u00edcitas, como corrup\u00e7\u00e3o. Este canal \u00e9 uma ferramenta vital para identificar e corrigir irregularidades, refor\u00e7ando o nosso compromisso com a \u00e9tica e a transpar\u00eancia.<\/p>\n<p><strong>C\u00f3digo de \u00c9tica e de Conduta<\/strong><br \/>\nEste \u00e9 um guia abrangente que define os princ\u00edpios e comportamentos esperados de todos os membros da organiza\u00e7\u00e3o. Aborda temas como integridade, respeito e responsabilidade, e serve como refer\u00eancia para decis\u00f5es \u00e9ticas no dia a dia. Com este c\u00f3digo, asseguramos que todos estejam alinhados com os valores da empresa, promovendo uma cultura organizacional forte e \u00e9tica.<\/p>\n<p><strong>Plano de Preven\u00e7\u00e3o de Riscos de Corrup\u00e7\u00e3o<\/strong><br \/>\nImplementamos um plano de preven\u00e7\u00e3o de riscos de corrup\u00e7\u00e3o que consiste em pol\u00edticas e procedimentos rigorosos para identificar, avaliar e mitigar riscos de pr\u00e1ticas corruptas. Este plano inclui auditorias e controles internos que protegem a nossa empresa contra fraudes e garantem conformidade com a legisla\u00e7\u00e3o anti-corrup\u00e7\u00e3o. Assim, promovemos um ambiente corporativo seguro e confi\u00e1vel.<\/p>\n<p>Estas iniciativas demonstram o nosso compromisso inabal\u00e1vel com a \u00e9tica e a integridade, criando uma base s\u00f3lida para a confian\u00e7a de nossos colaboradores, clientes e parceiros.<\/p>\n","protected":false},"excerpt":{"rendered":"<p>Integridade e Transpar\u00eancia no Real Hotels Group No Real Hotels Group valorizamos a integridade e a transpar\u00eancia em todas as nossas opera\u00e7\u00f5es. Para garantir que mantemos os mais altos padr\u00f5es \u00e9ticos, implementamos tr\u00eas pilares fundamentais: o Canal de Den\u00fancias, o C\u00f3digo de \u00c9tica e de Conduta e o Plano de Preven\u00e7\u00e3o de Riscos de Corrup\u00e7\u00e3o. [&hellip;]<\/p>\n","protected":false},"author":36,"featured_media":0,"parent":0,"menu_order":100,"comment_status":"closed","ping_status":"closed","template":"template-careers.php","meta":{"footnotes":""},"class_list":["post-1461","page","type-page","status-publish","hentry"],"yoast_head":"<!-- This site is optimized with the Yoast SEO plugin v26.9 - https:\/\/yoast.com\/product\/yoast-seo-wordpress\/ -->\n<title>Compliance - Real Hotels Group<\/title>\n<meta name=\"robots\" content=\"index, follow, max-snippet:-1, max-image-preview:large, max-video-preview:-1\" \/>\n<link rel=\"canonical\" href=\"https:\/\/www.realhotelsgroup.com\/pt-pt\/compliance\/\" \/>\n<meta property=\"og:locale\" content=\"pt_PT\" \/>\n<meta property=\"og:type\" content=\"article\" \/>\n<meta property=\"og:title\" content=\"Compliance - Real Hotels Group\" \/>\n<meta property=\"og:description\" content=\"Integridade e Transpar\u00eancia no Real Hotels Group No Real Hotels Group valorizamos a integridade e a transpar\u00eancia em todas as nossas opera\u00e7\u00f5es. Para garantir que mantemos os mais altos padr\u00f5es \u00e9ticos, implementamos tr\u00eas pilares fundamentais: o Canal de Den\u00fancias, o C\u00f3digo de \u00c9tica e de Conduta e o Plano de Preven\u00e7\u00e3o de Riscos de Corrup\u00e7\u00e3o. [&hellip;]\" \/>\n<meta property=\"og:url\" content=\"https:\/\/www.realhotelsgroup.com\/pt-pt\/compliance\/\" \/>\n<meta property=\"og:site_name\" content=\"Real Hotels Group\" \/>\n<meta property=\"article:modified_time\" content=\"2025-09-19T13:48:35+00:00\" \/>\n<meta name=\"twitter:card\" content=\"summary_large_image\" \/>\n<meta name=\"twitter:label1\" content=\"Tempo estimado de leitura\" \/>\n\t<meta name=\"twitter:data1\" content=\"2 minutos\" \/>\n<script type=\"application\/ld+json\" class=\"yoast-schema-graph\">{\"@context\":\"https:\/\/schema.org\",\"@graph\":[{\"@type\":\"WebPage\",\"@id\":\"https:\/\/www.realhotelsgroup.com\/pt-pt\/compliance\/\",\"url\":\"https:\/\/www.realhotelsgroup.com\/pt-pt\/compliance\/\",\"name\":\"Compliance - Real Hotels Group\",\"isPartOf\":{\"@id\":\"https:\/\/www.realhotelsgroup.com\/pt-pt\/#website\"},\"datePublished\":\"2023-05-23T14:12:11+00:00\",\"dateModified\":\"2025-09-19T13:48:35+00:00\",\"breadcrumb\":{\"@id\":\"https:\/\/www.realhotelsgroup.com\/pt-pt\/compliance\/#breadcrumb\"},\"inLanguage\":\"pt-PT\",\"potentialAction\":[{\"@type\":\"ReadAction\",\"target\":[\"https:\/\/www.realhotelsgroup.com\/pt-pt\/compliance\/\"]}]},{\"@type\":\"BreadcrumbList\",\"@id\":\"https:\/\/www.realhotelsgroup.com\/pt-pt\/compliance\/#breadcrumb\",\"itemListElement\":[{\"@type\":\"ListItem\",\"position\":1,\"name\":\"Home\",\"item\":\"https:\/\/www.realhotelsgroup.com\/pt-pt\/\"},{\"@type\":\"ListItem\",\"position\":2,\"name\":\"Compliance\"}]},{\"@type\":\"WebSite\",\"@id\":\"https:\/\/www.realhotelsgroup.com\/pt-pt\/#website\",\"url\":\"https:\/\/www.realhotelsgroup.com\/pt-pt\/\",\"name\":\"Real Hotels Group\",\"description\":\"Just another ms.decms.eu site\",\"potentialAction\":[{\"@type\":\"SearchAction\",\"target\":{\"@type\":\"EntryPoint\",\"urlTemplate\":\"https:\/\/www.realhotelsgroup.com\/pt-pt\/?s={search_term_string}\"},\"query-input\":{\"@type\":\"PropertyValueSpecification\",\"valueRequired\":true,\"valueName\":\"search_term_string\"}}],\"inLanguage\":\"pt-PT\"}]}<\/script>\n<!-- \/ Yoast SEO plugin. -->","yoast_head_json":{"title":"Compliance - Real Hotels Group","robots":{"index":"index","follow":"follow","max-snippet":"max-snippet:-1","max-image-preview":"max-image-preview:large","max-video-preview":"max-video-preview:-1"},"canonical":"https:\/\/www.realhotelsgroup.com\/pt-pt\/compliance\/","og_locale":"pt_PT","og_type":"article","og_title":"Compliance - Real Hotels Group","og_description":"Integridade e Transpar\u00eancia no Real Hotels Group No Real Hotels Group valorizamos a integridade e a transpar\u00eancia em todas as nossas opera\u00e7\u00f5es. Para garantir que mantemos os mais altos padr\u00f5es \u00e9ticos, implementamos tr\u00eas pilares fundamentais: o Canal de Den\u00fancias, o C\u00f3digo de \u00c9tica e de Conduta e o Plano de Preven\u00e7\u00e3o de Riscos de Corrup\u00e7\u00e3o. [&hellip;]","og_url":"https:\/\/www.realhotelsgroup.com\/pt-pt\/compliance\/","og_site_name":"Real Hotels Group","article_modified_time":"2025-09-19T13:48:35+00:00","twitter_card":"summary_large_image","twitter_misc":{"Tempo estimado de leitura":"2 minutos"},"schema":{"@context":"https:\/\/schema.org","@graph":[{"@type":"WebPage","@id":"https:\/\/www.realhotelsgroup.com\/pt-pt\/compliance\/","url":"https:\/\/www.realhotelsgroup.com\/pt-pt\/compliance\/","name":"Compliance - Real Hotels Group","isPartOf":{"@id":"https:\/\/www.realhotelsgroup.com\/pt-pt\/#website"},"datePublished":"2023-05-23T14:12:11+00:00","dateModified":"2025-09-19T13:48:35+00:00","breadcrumb":{"@id":"https:\/\/www.realhotelsgroup.com\/pt-pt\/compliance\/#breadcrumb"},"inLanguage":"pt-PT","potentialAction":[{"@type":"ReadAction","target":["https:\/\/www.realhotelsgroup.com\/pt-pt\/compliance\/"]}]},{"@type":"BreadcrumbList","@id":"https:\/\/www.realhotelsgroup.com\/pt-pt\/compliance\/#breadcrumb","itemListElement":[{"@type":"ListItem","position":1,"name":"Home","item":"https:\/\/www.realhotelsgroup.com\/pt-pt\/"},{"@type":"ListItem","position":2,"name":"Compliance"}]},{"@type":"WebSite","@id":"https:\/\/www.realhotelsgroup.com\/pt-pt\/#website","url":"https:\/\/www.realhotelsgroup.com\/pt-pt\/","name":"Real Hotels Group","description":"Just another ms.decms.eu site","potentialAction":[{"@type":"SearchAction","target":{"@type":"EntryPoint","urlTemplate":"https:\/\/www.realhotelsgroup.com\/pt-pt\/?s={search_term_string}"},"query-input":{"@type":"PropertyValueSpecification","valueRequired":true,"valueName":"search_term_string"}}],"inLanguage":"pt-PT"}]}},"acf":[],"_links":{"self":[{"href":"https:\/\/www.realhotelsgroup.com\/pt-pt\/wp-json\/wp\/v2\/pages\/1461","targetHints":{"allow":["GET"]}}],"collection":[{"href":"https:\/\/www.realhotelsgroup.com\/pt-pt\/wp-json\/wp\/v2\/pages"}],"about":[{"href":"https:\/\/www.realhotelsgroup.com\/pt-pt\/wp-json\/wp\/v2\/types\/page"}],"author":[{"embeddable":true,"href":"https:\/\/www.realhotelsgroup.com\/pt-pt\/wp-json\/wp\/v2\/users\/36"}],"replies":[{"embeddable":true,"href":"https:\/\/www.realhotelsgroup.com\/pt-pt\/wp-json\/wp\/v2\/comments?post=1461"}],"version-history":[{"count":0,"href":"https:\/\/www.realhotelsgroup.com\/pt-pt\/wp-json\/wp\/v2\/pages\/1461\/revisions"}],"wp:attachment":[{"href":"https:\/\/www.realhotelsgroup.com\/pt-pt\/wp-json\/wp\/v2\/media?parent=1461"}],"curies":[{"name":"wp","href":"https:\/\/api.w.org\/{rel}","templated":true}]}}