{"id":174,"date":"2020-12-01T10:24:23","date_gmt":"2020-12-01T10:24:23","guid":{"rendered":"http:\/\/real-hotels-group.ms.decms.eu\/?page_id=174"},"modified":"2024-06-28T12:52:45","modified_gmt":"2024-06-28T12:52:45","slug":"reunioes-e-eventos","status":"publish","type":"page","link":"https:\/\/www.realhotelsgroup.com\/pt-pt\/reunioes-e-eventos\/","title":{"rendered":"Reuni\u00f5es e Eventos"},"content":{"rendered":"<p>O <strong>Real Hotels Group<\/strong> tem ao seu dispor um vasto leque de <strong>destinos<\/strong> e <strong>espa\u00e7os ideais<\/strong> para realizar a sua <strong>reuni\u00e3o ou evento<\/strong>.<\/p>\n<p>Quer esteja a planear uma <strong>confer\u00eancia, reuni\u00f5es privadas, jantares intimistas, festas<\/strong> de maior dimens\u00e3o, <strong>cocktails, lan\u00e7amentos de marcas<\/strong> ou mesmo um <strong>casamento<\/strong>, s\u00e3o in\u00fameras as solu\u00e7\u00f5es que se adaptam \u00e0s suas necessidades.<br \/>\nImagine um evento em<strong> frente ao mar<\/strong> e com <strong>acesso directo \u00e0 praia<\/strong>, salas cheias de <strong>luz natural e espa\u00e7os verdes<\/strong> para os <strong>coffee breaks<\/strong>! As nossas salas t\u00eam capacidades m\u00e1ximas para abarcar eventos <strong>entre as 90 e 700 pessoa<\/strong>s.<\/p>\n<p>Temos equipas de profissionais que lhe ir\u00e3o apresentar solu\u00e7\u00f5es integradas e servi\u00e7os totalmente personalizados.<\/p>\n<p>&nbsp;<\/p>\n<p>Visite o nosso <strong>site oficial Real Events<\/strong> e fique a conhecer todos os espa\u00e7os que temos dispon\u00edveis para realizar os seus eventos.<\/p>\n","protected":false},"excerpt":{"rendered":"<p>O Real Hotels Group tem ao seu dispor um vasto leque de destinos e espa\u00e7os ideais para realizar a sua reuni\u00e3o ou evento. Quer esteja a planear uma confer\u00eancia, reuni\u00f5es privadas, jantares intimistas, festas de maior dimens\u00e3o, cocktails, lan\u00e7amentos de marcas ou mesmo um casamento, s\u00e3o in\u00fameras as solu\u00e7\u00f5es que se adaptam \u00e0s suas necessidades. [&hellip;]<\/p>\n","protected":false},"author":36,"featured_media":0,"parent":0,"menu_order":40,"comment_status":"closed","ping_status":"closed","template":"template-meetings.php","meta":{"footnotes":""},"class_list":["post-174","page","type-page","status-publish","hentry"],"yoast_head":"<!-- This site is optimized with the Yoast SEO plugin v26.9 - https:\/\/yoast.com\/product\/yoast-seo-wordpress\/ -->\n<title>Reuni\u00f5es e Eventos - Real Hotels Group<\/title>\n<meta name=\"robots\" content=\"index, follow, max-snippet:-1, max-image-preview:large, max-video-preview:-1\" \/>\n<link rel=\"canonical\" href=\"https:\/\/www.realhotelsgroup.com\/pt-pt\/reunioes-e-eventos\/\" \/>\n<meta property=\"og:locale\" content=\"pt_PT\" \/>\n<meta property=\"og:type\" content=\"article\" \/>\n<meta property=\"og:title\" content=\"Reuni\u00f5es e Eventos - Real Hotels Group\" \/>\n<meta property=\"og:description\" content=\"O Real Hotels Group tem ao seu dispor um vasto leque de destinos e espa\u00e7os ideais para realizar a sua reuni\u00e3o ou evento. Quer esteja a planear uma confer\u00eancia, reuni\u00f5es privadas, jantares intimistas, festas de maior dimens\u00e3o, cocktails, lan\u00e7amentos de marcas ou mesmo um casamento, s\u00e3o in\u00fameras as solu\u00e7\u00f5es que se adaptam \u00e0s suas necessidades. [&hellip;]\" \/>\n<meta property=\"og:url\" content=\"https:\/\/www.realhotelsgroup.com\/pt-pt\/reunioes-e-eventos\/\" \/>\n<meta property=\"og:site_name\" content=\"Real Hotels Group\" \/>\n<meta property=\"article:modified_time\" content=\"2024-06-28T12:52:45+00:00\" \/>\n<meta name=\"twitter:card\" content=\"summary_large_image\" \/>\n<meta name=\"twitter:label1\" content=\"Tempo estimado de leitura\" \/>\n\t<meta name=\"twitter:data1\" content=\"1 minuto\" \/>\n<script type=\"application\/ld+json\" class=\"yoast-schema-graph\">{\"@context\":\"https:\/\/schema.org\",\"@graph\":[{\"@type\":\"WebPage\",\"@id\":\"https:\/\/www.realhotelsgroup.com\/pt-pt\/reunioes-e-eventos\/\",\"url\":\"https:\/\/www.realhotelsgroup.com\/pt-pt\/reunioes-e-eventos\/\",\"name\":\"Reuni\u00f5es e Eventos - Real Hotels Group\",\"isPartOf\":{\"@id\":\"https:\/\/www.realhotelsgroup.com\/pt-pt\/#website\"},\"datePublished\":\"2020-12-01T10:24:23+00:00\",\"dateModified\":\"2024-06-28T12:52:45+00:00\",\"breadcrumb\":{\"@id\":\"https:\/\/www.realhotelsgroup.com\/pt-pt\/reunioes-e-eventos\/#breadcrumb\"},\"inLanguage\":\"pt-PT\",\"potentialAction\":[{\"@type\":\"ReadAction\",\"target\":[\"https:\/\/www.realhotelsgroup.com\/pt-pt\/reunioes-e-eventos\/\"]}]},{\"@type\":\"BreadcrumbList\",\"@id\":\"https:\/\/www.realhotelsgroup.com\/pt-pt\/reunioes-e-eventos\/#breadcrumb\",\"itemListElement\":[{\"@type\":\"ListItem\",\"position\":1,\"name\":\"Home\",\"item\":\"https:\/\/www.realhotelsgroup.com\/pt-pt\/\"},{\"@type\":\"ListItem\",\"position\":2,\"name\":\"Reuni\u00f5es e Eventos\"}]},{\"@type\":\"WebSite\",\"@id\":\"https:\/\/www.realhotelsgroup.com\/pt-pt\/#website\",\"url\":\"https:\/\/www.realhotelsgroup.com\/pt-pt\/\",\"name\":\"Real Hotels Group\",\"description\":\"Just another ms.decms.eu site\",\"potentialAction\":[{\"@type\":\"SearchAction\",\"target\":{\"@type\":\"EntryPoint\",\"urlTemplate\":\"https:\/\/www.realhotelsgroup.com\/pt-pt\/?s={search_term_string}\"},\"query-input\":{\"@type\":\"PropertyValueSpecification\",\"valueRequired\":true,\"valueName\":\"search_term_string\"}}],\"inLanguage\":\"pt-PT\"}]}<\/script>\n<!-- \/ Yoast SEO plugin. -->","yoast_head_json":{"title":"Reuni\u00f5es e Eventos - Real Hotels Group","robots":{"index":"index","follow":"follow","max-snippet":"max-snippet:-1","max-image-preview":"max-image-preview:large","max-video-preview":"max-video-preview:-1"},"canonical":"https:\/\/www.realhotelsgroup.com\/pt-pt\/reunioes-e-eventos\/","og_locale":"pt_PT","og_type":"article","og_title":"Reuni\u00f5es e Eventos - Real Hotels Group","og_description":"O Real Hotels Group tem ao seu dispor um vasto leque de destinos e espa\u00e7os ideais para realizar a sua reuni\u00e3o ou evento. Quer esteja a planear uma confer\u00eancia, reuni\u00f5es privadas, jantares intimistas, festas de maior dimens\u00e3o, cocktails, lan\u00e7amentos de marcas ou mesmo um casamento, s\u00e3o in\u00fameras as solu\u00e7\u00f5es que se adaptam \u00e0s suas necessidades. [&hellip;]","og_url":"https:\/\/www.realhotelsgroup.com\/pt-pt\/reunioes-e-eventos\/","og_site_name":"Real Hotels Group","article_modified_time":"2024-06-28T12:52:45+00:00","twitter_card":"summary_large_image","twitter_misc":{"Tempo estimado de leitura":"1 minuto"},"schema":{"@context":"https:\/\/schema.org","@graph":[{"@type":"WebPage","@id":"https:\/\/www.realhotelsgroup.com\/pt-pt\/reunioes-e-eventos\/","url":"https:\/\/www.realhotelsgroup.com\/pt-pt\/reunioes-e-eventos\/","name":"Reuni\u00f5es e Eventos - Real Hotels Group","isPartOf":{"@id":"https:\/\/www.realhotelsgroup.com\/pt-pt\/#website"},"datePublished":"2020-12-01T10:24:23+00:00","dateModified":"2024-06-28T12:52:45+00:00","breadcrumb":{"@id":"https:\/\/www.realhotelsgroup.com\/pt-pt\/reunioes-e-eventos\/#breadcrumb"},"inLanguage":"pt-PT","potentialAction":[{"@type":"ReadAction","target":["https:\/\/www.realhotelsgroup.com\/pt-pt\/reunioes-e-eventos\/"]}]},{"@type":"BreadcrumbList","@id":"https:\/\/www.realhotelsgroup.com\/pt-pt\/reunioes-e-eventos\/#breadcrumb","itemListElement":[{"@type":"ListItem","position":1,"name":"Home","item":"https:\/\/www.realhotelsgroup.com\/pt-pt\/"},{"@type":"ListItem","position":2,"name":"Reuni\u00f5es e Eventos"}]},{"@type":"WebSite","@id":"https:\/\/www.realhotelsgroup.com\/pt-pt\/#website","url":"https:\/\/www.realhotelsgroup.com\/pt-pt\/","name":"Real Hotels Group","description":"Just another ms.decms.eu site","potentialAction":[{"@type":"SearchAction","target":{"@type":"EntryPoint","urlTemplate":"https:\/\/www.realhotelsgroup.com\/pt-pt\/?s={search_term_string}"},"query-input":{"@type":"PropertyValueSpecification","valueRequired":true,"valueName":"search_term_string"}}],"inLanguage":"pt-PT"}]}},"acf":[],"_links":{"self":[{"href":"https:\/\/www.realhotelsgroup.com\/pt-pt\/wp-json\/wp\/v2\/pages\/174","targetHints":{"allow":["GET"]}}],"collection":[{"href":"https:\/\/www.realhotelsgroup.com\/pt-pt\/wp-json\/wp\/v2\/pages"}],"about":[{"href":"https:\/\/www.realhotelsgroup.com\/pt-pt\/wp-json\/wp\/v2\/types\/page"}],"author":[{"embeddable":true,"href":"https:\/\/www.realhotelsgroup.com\/pt-pt\/wp-json\/wp\/v2\/users\/36"}],"replies":[{"embeddable":true,"href":"https:\/\/www.realhotelsgroup.com\/pt-pt\/wp-json\/wp\/v2\/comments?post=174"}],"version-history":[{"count":0,"href":"https:\/\/www.realhotelsgroup.com\/pt-pt\/wp-json\/wp\/v2\/pages\/174\/revisions"}],"wp:attachment":[{"href":"https:\/\/www.realhotelsgroup.com\/pt-pt\/wp-json\/wp\/v2\/media?parent=174"}],"curies":[{"name":"wp","href":"https:\/\/api.w.org\/{rel}","templated":true}]}}