{"id":180,"date":"2020-12-01T10:45:45","date_gmt":"2020-12-01T10:45:45","guid":{"rendered":"http:\/\/real-hotels-group.ms.decms.eu\/?page_id=180"},"modified":"2024-06-28T13:17:12","modified_gmt":"2024-06-28T13:17:12","slug":"casamentos","status":"publish","type":"page","link":"https:\/\/www.realhotelsgroup.com\/pt-pt\/casamentos\/","title":{"rendered":"Casamentos"},"content":{"rendered":"<p>Imagine o seu <strong>casamento<\/strong> num <strong>hotel de 4<\/strong> ou <strong>5 estrelas<\/strong> com a envolv\u00eancia da <strong>natureza como pano de fundo<\/strong>. O <strong>Real Hotels Group<\/strong> disp\u00f5e de hot\u00e9is com cen\u00e1rios id\u00edlicos para realizar o seu <strong>casamento de sonho<\/strong>.<\/p>\n<p><strong>Esplanadas, terra\u00e7os e salas<\/strong> que desaguam na linha do horizonte. Uma <strong>cerim\u00f3nia ao ar livre<\/strong>, um <strong>cocktail<\/strong> num jardim ou \u00e0 beira da <strong>piscina<\/strong> ou uma <strong>festa totalmente personalizada<\/strong> sem horas para terminar, s\u00e3o apenas algumas das sugest\u00f5es dos nossos <strong>Wedding Planners<\/strong>. Eles ir\u00e3o aconselhar, planear e organizar consigo o seu casamento ao mais pequeno detalhe.<\/p>\n<p>&nbsp;<\/p>\n<p>Visite o nosso <strong>site oficial Real Events<\/strong> e fique a conhecer todos os espa\u00e7os que temos dispon\u00edveis para realizar o seu casamento de sonho.<\/p>\n","protected":false},"excerpt":{"rendered":"<p>Imagine o seu casamento num hotel de 4 ou 5 estrelas com a envolv\u00eancia da natureza como pano de fundo. O Real Hotels Group disp\u00f5e de hot\u00e9is com cen\u00e1rios id\u00edlicos para realizar o seu casamento de sonho. Esplanadas, terra\u00e7os e salas que desaguam na linha do horizonte. Uma cerim\u00f3nia ao ar livre, um cocktail num [&hellip;]<\/p>\n","protected":false},"author":36,"featured_media":0,"parent":0,"menu_order":50,"comment_status":"closed","ping_status":"closed","template":"template-wedding.php","meta":{"footnotes":""},"class_list":["post-180","page","type-page","status-publish","hentry"],"yoast_head":"<!-- This site is optimized with the Yoast SEO plugin v26.9 - https:\/\/yoast.com\/product\/yoast-seo-wordpress\/ -->\n<title>Casamentos - Real Hotels Group<\/title>\n<meta name=\"robots\" content=\"index, follow, max-snippet:-1, max-image-preview:large, max-video-preview:-1\" \/>\n<link rel=\"canonical\" href=\"https:\/\/www.realhotelsgroup.com\/pt-pt\/casamentos\/\" \/>\n<meta property=\"og:locale\" content=\"pt_PT\" \/>\n<meta property=\"og:type\" content=\"article\" \/>\n<meta property=\"og:title\" content=\"Casamentos - Real Hotels Group\" \/>\n<meta property=\"og:description\" content=\"Imagine o seu casamento num hotel de 4 ou 5 estrelas com a envolv\u00eancia da natureza como pano de fundo. O Real Hotels Group disp\u00f5e de hot\u00e9is com cen\u00e1rios id\u00edlicos para realizar o seu casamento de sonho. Esplanadas, terra\u00e7os e salas que desaguam na linha do horizonte. Uma cerim\u00f3nia ao ar livre, um cocktail num [&hellip;]\" \/>\n<meta property=\"og:url\" content=\"https:\/\/www.realhotelsgroup.com\/pt-pt\/casamentos\/\" \/>\n<meta property=\"og:site_name\" content=\"Real Hotels Group\" \/>\n<meta property=\"article:modified_time\" content=\"2024-06-28T13:17:12+00:00\" \/>\n<meta name=\"twitter:card\" content=\"summary_large_image\" \/>\n<meta name=\"twitter:label1\" content=\"Tempo estimado de leitura\" \/>\n\t<meta name=\"twitter:data1\" content=\"1 minuto\" \/>\n<script type=\"application\/ld+json\" class=\"yoast-schema-graph\">{\"@context\":\"https:\/\/schema.org\",\"@graph\":[{\"@type\":\"WebPage\",\"@id\":\"https:\/\/www.realhotelsgroup.com\/pt-pt\/casamentos\/\",\"url\":\"https:\/\/www.realhotelsgroup.com\/pt-pt\/casamentos\/\",\"name\":\"Casamentos - Real Hotels Group\",\"isPartOf\":{\"@id\":\"https:\/\/www.realhotelsgroup.com\/pt-pt\/#website\"},\"datePublished\":\"2020-12-01T10:45:45+00:00\",\"dateModified\":\"2024-06-28T13:17:12+00:00\",\"breadcrumb\":{\"@id\":\"https:\/\/www.realhotelsgroup.com\/pt-pt\/casamentos\/#breadcrumb\"},\"inLanguage\":\"pt-PT\",\"potentialAction\":[{\"@type\":\"ReadAction\",\"target\":[\"https:\/\/www.realhotelsgroup.com\/pt-pt\/casamentos\/\"]}]},{\"@type\":\"BreadcrumbList\",\"@id\":\"https:\/\/www.realhotelsgroup.com\/pt-pt\/casamentos\/#breadcrumb\",\"itemListElement\":[{\"@type\":\"ListItem\",\"position\":1,\"name\":\"Home\",\"item\":\"https:\/\/www.realhotelsgroup.com\/pt-pt\/\"},{\"@type\":\"ListItem\",\"position\":2,\"name\":\"Casamentos\"}]},{\"@type\":\"WebSite\",\"@id\":\"https:\/\/www.realhotelsgroup.com\/pt-pt\/#website\",\"url\":\"https:\/\/www.realhotelsgroup.com\/pt-pt\/\",\"name\":\"Real Hotels Group\",\"description\":\"Just another ms.decms.eu site\",\"potentialAction\":[{\"@type\":\"SearchAction\",\"target\":{\"@type\":\"EntryPoint\",\"urlTemplate\":\"https:\/\/www.realhotelsgroup.com\/pt-pt\/?s={search_term_string}\"},\"query-input\":{\"@type\":\"PropertyValueSpecification\",\"valueRequired\":true,\"valueName\":\"search_term_string\"}}],\"inLanguage\":\"pt-PT\"}]}<\/script>\n<!-- \/ Yoast SEO plugin. -->","yoast_head_json":{"title":"Casamentos - Real Hotels Group","robots":{"index":"index","follow":"follow","max-snippet":"max-snippet:-1","max-image-preview":"max-image-preview:large","max-video-preview":"max-video-preview:-1"},"canonical":"https:\/\/www.realhotelsgroup.com\/pt-pt\/casamentos\/","og_locale":"pt_PT","og_type":"article","og_title":"Casamentos - Real Hotels Group","og_description":"Imagine o seu casamento num hotel de 4 ou 5 estrelas com a envolv\u00eancia da natureza como pano de fundo. O Real Hotels Group disp\u00f5e de hot\u00e9is com cen\u00e1rios id\u00edlicos para realizar o seu casamento de sonho. Esplanadas, terra\u00e7os e salas que desaguam na linha do horizonte. Uma cerim\u00f3nia ao ar livre, um cocktail num [&hellip;]","og_url":"https:\/\/www.realhotelsgroup.com\/pt-pt\/casamentos\/","og_site_name":"Real Hotels Group","article_modified_time":"2024-06-28T13:17:12+00:00","twitter_card":"summary_large_image","twitter_misc":{"Tempo estimado de leitura":"1 minuto"},"schema":{"@context":"https:\/\/schema.org","@graph":[{"@type":"WebPage","@id":"https:\/\/www.realhotelsgroup.com\/pt-pt\/casamentos\/","url":"https:\/\/www.realhotelsgroup.com\/pt-pt\/casamentos\/","name":"Casamentos - Real Hotels Group","isPartOf":{"@id":"https:\/\/www.realhotelsgroup.com\/pt-pt\/#website"},"datePublished":"2020-12-01T10:45:45+00:00","dateModified":"2024-06-28T13:17:12+00:00","breadcrumb":{"@id":"https:\/\/www.realhotelsgroup.com\/pt-pt\/casamentos\/#breadcrumb"},"inLanguage":"pt-PT","potentialAction":[{"@type":"ReadAction","target":["https:\/\/www.realhotelsgroup.com\/pt-pt\/casamentos\/"]}]},{"@type":"BreadcrumbList","@id":"https:\/\/www.realhotelsgroup.com\/pt-pt\/casamentos\/#breadcrumb","itemListElement":[{"@type":"ListItem","position":1,"name":"Home","item":"https:\/\/www.realhotelsgroup.com\/pt-pt\/"},{"@type":"ListItem","position":2,"name":"Casamentos"}]},{"@type":"WebSite","@id":"https:\/\/www.realhotelsgroup.com\/pt-pt\/#website","url":"https:\/\/www.realhotelsgroup.com\/pt-pt\/","name":"Real Hotels Group","description":"Just another ms.decms.eu site","potentialAction":[{"@type":"SearchAction","target":{"@type":"EntryPoint","urlTemplate":"https:\/\/www.realhotelsgroup.com\/pt-pt\/?s={search_term_string}"},"query-input":{"@type":"PropertyValueSpecification","valueRequired":true,"valueName":"search_term_string"}}],"inLanguage":"pt-PT"}]}},"acf":[],"_links":{"self":[{"href":"https:\/\/www.realhotelsgroup.com\/pt-pt\/wp-json\/wp\/v2\/pages\/180","targetHints":{"allow":["GET"]}}],"collection":[{"href":"https:\/\/www.realhotelsgroup.com\/pt-pt\/wp-json\/wp\/v2\/pages"}],"about":[{"href":"https:\/\/www.realhotelsgroup.com\/pt-pt\/wp-json\/wp\/v2\/types\/page"}],"author":[{"embeddable":true,"href":"https:\/\/www.realhotelsgroup.com\/pt-pt\/wp-json\/wp\/v2\/users\/36"}],"replies":[{"embeddable":true,"href":"https:\/\/www.realhotelsgroup.com\/pt-pt\/wp-json\/wp\/v2\/comments?post=180"}],"version-history":[{"count":0,"href":"https:\/\/www.realhotelsgroup.com\/pt-pt\/wp-json\/wp\/v2\/pages\/180\/revisions"}],"wp:attachment":[{"href":"https:\/\/www.realhotelsgroup.com\/pt-pt\/wp-json\/wp\/v2\/media?parent=180"}],"curies":[{"name":"wp","href":"https:\/\/api.w.org\/{rel}","templated":true}]}}