{"id":1973,"date":"2024-08-06T13:15:50","date_gmt":"2024-08-06T13:15:50","guid":{"rendered":"https:\/\/www.realhotelsgroup.com\/?page_id=1973"},"modified":"2025-06-16T12:43:28","modified_gmt":"2025-06-16T12:43:28","slug":"resolucao-alternativa-de-litigios","status":"publish","type":"page","link":"https:\/\/www.realhotelsgroup.com\/pt-pt\/resolucao-alternativa-de-litigios\/","title":{"rendered":"Resolu\u00e7\u00e3o Alternativa de Lit\u00edgios"},"content":{"rendered":"<p>O consumidor pode recorrer a uma das entidades de Resolu\u00e7\u00e3o Alternativa de Lit\u00edgios de Consumo cujo nome, contactos e endere\u00e7o dos s\u00edtios eletr\u00f3nicos na Internet consta da lista de entidades depositada junto da Dire\u00e7\u00e3o-Geral do Consumidor.<\/p>\n<p>Para mais informa\u00e7\u00f5es consultar portal do consumidor: <a href=\"http:\/\/www.consumidor.gov.pt\" target=\"_blank\" rel=\"noopener\">www.consumidor.gov.pt<\/a><\/p>\n","protected":false},"excerpt":{"rendered":"<p>O consumidor pode recorrer a uma das entidades de Resolu\u00e7\u00e3o Alternativa de Lit\u00edgios de Consumo cujo nome, contactos e endere\u00e7o dos s\u00edtios eletr\u00f3nicos na Internet consta da lista de entidades depositada junto da Dire\u00e7\u00e3o-Geral do Consumidor. Para mais informa\u00e7\u00f5es consultar portal do consumidor: www.consumidor.gov.pt<\/p>\n","protected":false},"author":241,"featured_media":0,"parent":0,"menu_order":0,"comment_status":"closed","ping_status":"closed","template":"template-careers.php","meta":{"footnotes":""},"class_list":["post-1973","page","type-page","status-publish","hentry"],"yoast_head":"<!-- This site is optimized with the Yoast SEO plugin v26.9 - https:\/\/yoast.com\/product\/yoast-seo-wordpress\/ -->\n<title>Resolu\u00e7\u00e3o Alternativa de Lit\u00edgios - Real Hotels Group<\/title>\n<meta name=\"robots\" content=\"index, follow, max-snippet:-1, max-image-preview:large, max-video-preview:-1\" \/>\n<link rel=\"canonical\" href=\"https:\/\/www.realhotelsgroup.com\/pt-pt\/resolucao-alternativa-de-litigios\/\" \/>\n<meta property=\"og:locale\" content=\"pt_PT\" \/>\n<meta property=\"og:type\" content=\"article\" \/>\n<meta property=\"og:title\" content=\"Resolu\u00e7\u00e3o Alternativa de Lit\u00edgios - Real Hotels Group\" \/>\n<meta property=\"og:description\" content=\"O consumidor pode recorrer a uma das entidades de Resolu\u00e7\u00e3o Alternativa de Lit\u00edgios de Consumo cujo nome, contactos e endere\u00e7o dos s\u00edtios eletr\u00f3nicos na Internet consta da lista de entidades depositada junto da Dire\u00e7\u00e3o-Geral do Consumidor. Para mais informa\u00e7\u00f5es consultar portal do consumidor: www.consumidor.gov.pt\" \/>\n<meta property=\"og:url\" content=\"https:\/\/www.realhotelsgroup.com\/pt-pt\/resolucao-alternativa-de-litigios\/\" \/>\n<meta property=\"og:site_name\" content=\"Real Hotels Group\" \/>\n<meta property=\"article:modified_time\" content=\"2025-06-16T12:43:28+00:00\" \/>\n<meta name=\"twitter:card\" content=\"summary_large_image\" \/>\n<meta name=\"twitter:label1\" content=\"Tempo estimado de leitura\" \/>\n\t<meta name=\"twitter:data1\" content=\"1 minuto\" \/>\n<script type=\"application\/ld+json\" class=\"yoast-schema-graph\">{\"@context\":\"https:\/\/schema.org\",\"@graph\":[{\"@type\":\"WebPage\",\"@id\":\"https:\/\/www.realhotelsgroup.com\/pt-pt\/resolucao-alternativa-de-litigios\/\",\"url\":\"https:\/\/www.realhotelsgroup.com\/pt-pt\/resolucao-alternativa-de-litigios\/\",\"name\":\"Resolu\u00e7\u00e3o Alternativa de Lit\u00edgios - Real Hotels Group\",\"isPartOf\":{\"@id\":\"https:\/\/www.realhotelsgroup.com\/pt-pt\/#website\"},\"datePublished\":\"2024-08-06T13:15:50+00:00\",\"dateModified\":\"2025-06-16T12:43:28+00:00\",\"breadcrumb\":{\"@id\":\"https:\/\/www.realhotelsgroup.com\/pt-pt\/resolucao-alternativa-de-litigios\/#breadcrumb\"},\"inLanguage\":\"pt-PT\",\"potentialAction\":[{\"@type\":\"ReadAction\",\"target\":[\"https:\/\/www.realhotelsgroup.com\/pt-pt\/resolucao-alternativa-de-litigios\/\"]}]},{\"@type\":\"BreadcrumbList\",\"@id\":\"https:\/\/www.realhotelsgroup.com\/pt-pt\/resolucao-alternativa-de-litigios\/#breadcrumb\",\"itemListElement\":[{\"@type\":\"ListItem\",\"position\":1,\"name\":\"Home\",\"item\":\"https:\/\/www.realhotelsgroup.com\/pt-pt\/\"},{\"@type\":\"ListItem\",\"position\":2,\"name\":\"Resolu\u00e7\u00e3o Alternativa de Lit\u00edgios\"}]},{\"@type\":\"WebSite\",\"@id\":\"https:\/\/www.realhotelsgroup.com\/pt-pt\/#website\",\"url\":\"https:\/\/www.realhotelsgroup.com\/pt-pt\/\",\"name\":\"Real Hotels Group\",\"description\":\"Just another ms.decms.eu site\",\"potentialAction\":[{\"@type\":\"SearchAction\",\"target\":{\"@type\":\"EntryPoint\",\"urlTemplate\":\"https:\/\/www.realhotelsgroup.com\/pt-pt\/?s={search_term_string}\"},\"query-input\":{\"@type\":\"PropertyValueSpecification\",\"valueRequired\":true,\"valueName\":\"search_term_string\"}}],\"inLanguage\":\"pt-PT\"}]}<\/script>\n<!-- \/ Yoast SEO plugin. -->","yoast_head_json":{"title":"Resolu\u00e7\u00e3o Alternativa de Lit\u00edgios - Real Hotels Group","robots":{"index":"index","follow":"follow","max-snippet":"max-snippet:-1","max-image-preview":"max-image-preview:large","max-video-preview":"max-video-preview:-1"},"canonical":"https:\/\/www.realhotelsgroup.com\/pt-pt\/resolucao-alternativa-de-litigios\/","og_locale":"pt_PT","og_type":"article","og_title":"Resolu\u00e7\u00e3o Alternativa de Lit\u00edgios - Real Hotels Group","og_description":"O consumidor pode recorrer a uma das entidades de Resolu\u00e7\u00e3o Alternativa de Lit\u00edgios de Consumo cujo nome, contactos e endere\u00e7o dos s\u00edtios eletr\u00f3nicos na Internet consta da lista de entidades depositada junto da Dire\u00e7\u00e3o-Geral do Consumidor. Para mais informa\u00e7\u00f5es consultar portal do consumidor: www.consumidor.gov.pt","og_url":"https:\/\/www.realhotelsgroup.com\/pt-pt\/resolucao-alternativa-de-litigios\/","og_site_name":"Real Hotels Group","article_modified_time":"2025-06-16T12:43:28+00:00","twitter_card":"summary_large_image","twitter_misc":{"Tempo estimado de leitura":"1 minuto"},"schema":{"@context":"https:\/\/schema.org","@graph":[{"@type":"WebPage","@id":"https:\/\/www.realhotelsgroup.com\/pt-pt\/resolucao-alternativa-de-litigios\/","url":"https:\/\/www.realhotelsgroup.com\/pt-pt\/resolucao-alternativa-de-litigios\/","name":"Resolu\u00e7\u00e3o Alternativa de Lit\u00edgios - Real Hotels Group","isPartOf":{"@id":"https:\/\/www.realhotelsgroup.com\/pt-pt\/#website"},"datePublished":"2024-08-06T13:15:50+00:00","dateModified":"2025-06-16T12:43:28+00:00","breadcrumb":{"@id":"https:\/\/www.realhotelsgroup.com\/pt-pt\/resolucao-alternativa-de-litigios\/#breadcrumb"},"inLanguage":"pt-PT","potentialAction":[{"@type":"ReadAction","target":["https:\/\/www.realhotelsgroup.com\/pt-pt\/resolucao-alternativa-de-litigios\/"]}]},{"@type":"BreadcrumbList","@id":"https:\/\/www.realhotelsgroup.com\/pt-pt\/resolucao-alternativa-de-litigios\/#breadcrumb","itemListElement":[{"@type":"ListItem","position":1,"name":"Home","item":"https:\/\/www.realhotelsgroup.com\/pt-pt\/"},{"@type":"ListItem","position":2,"name":"Resolu\u00e7\u00e3o Alternativa de Lit\u00edgios"}]},{"@type":"WebSite","@id":"https:\/\/www.realhotelsgroup.com\/pt-pt\/#website","url":"https:\/\/www.realhotelsgroup.com\/pt-pt\/","name":"Real Hotels Group","description":"Just another ms.decms.eu site","potentialAction":[{"@type":"SearchAction","target":{"@type":"EntryPoint","urlTemplate":"https:\/\/www.realhotelsgroup.com\/pt-pt\/?s={search_term_string}"},"query-input":{"@type":"PropertyValueSpecification","valueRequired":true,"valueName":"search_term_string"}}],"inLanguage":"pt-PT"}]}},"acf":[],"_links":{"self":[{"href":"https:\/\/www.realhotelsgroup.com\/pt-pt\/wp-json\/wp\/v2\/pages\/1973","targetHints":{"allow":["GET"]}}],"collection":[{"href":"https:\/\/www.realhotelsgroup.com\/pt-pt\/wp-json\/wp\/v2\/pages"}],"about":[{"href":"https:\/\/www.realhotelsgroup.com\/pt-pt\/wp-json\/wp\/v2\/types\/page"}],"author":[{"embeddable":true,"href":"https:\/\/www.realhotelsgroup.com\/pt-pt\/wp-json\/wp\/v2\/users\/241"}],"replies":[{"embeddable":true,"href":"https:\/\/www.realhotelsgroup.com\/pt-pt\/wp-json\/wp\/v2\/comments?post=1973"}],"version-history":[{"count":0,"href":"https:\/\/www.realhotelsgroup.com\/pt-pt\/wp-json\/wp\/v2\/pages\/1973\/revisions"}],"wp:attachment":[{"href":"https:\/\/www.realhotelsgroup.com\/pt-pt\/wp-json\/wp\/v2\/media?parent=1973"}],"curies":[{"name":"wp","href":"https:\/\/api.w.org\/{rel}","templated":true}]}}