{"id":222,"date":"2020-12-01T11:21:03","date_gmt":"2020-12-01T11:21:03","guid":{"rendered":"http:\/\/real-hotels-group.ms.decms.eu\/?page_id=222"},"modified":"2024-10-01T14:55:50","modified_gmt":"2024-10-01T14:55:50","slug":"politica-de-privacidade","status":"publish","type":"page","link":"https:\/\/www.realhotelsgroup.com\/pt-pt\/politica-de-privacidade\/","title":{"rendered":"Pol\u00edtica de Privacidade"},"content":{"rendered":"<p>O Regulamento Geral de Prote\u00e7\u00e3o de Dados, criado para proteger o Cidad\u00e3o relativamente ao tratamento dos seus dados pessoais, entrou em vigor no dia 25 de maio de 2018.<\/p>\n<p>O Real Hotels Group (RHG), desenvolve uma pol\u00edtica de privacidade que garante a confidencialidade e prote\u00e7\u00e3o dos dados fornecidos.<\/p>\n<p>O RHG assegura aos seus clientes e utilizadores privacidade relativamente a todos os dados, incluindo os pessoais, cuja recolha seja necess\u00e1ria \u00e0 presta\u00e7\u00e3o do servi\u00e7o pretendido, ao fornecimento dos servi\u00e7os prestados por entidades terceiras, bem como no \u00e2mbito da rela\u00e7\u00e3o laboral para com os seus colaboradores, de acordo com a lei, restantes normas aplic\u00e1veis e das indica\u00e7\u00f5es que nas entradas espec\u00edficas deste s\u00edtio expressamente constarem.<\/p>\n<p>\u00bb <a href=\"https:\/\/www.realhotelsgroup.com\/pt-pt\/politica-protecao-dados-privacidade\/\" target=\"_blank\" rel=\"noopener\">Pol\u00edtica de Prote\u00e7\u00e3o de Dados e Privacidade do Real Hotels Group<\/a><\/p>\n<p>\u00bb <a href=\"https:\/\/eur-lex.europa.eu\/legal-content\/PT\/TXT\/PDF\/?uri=CELEX:32016R0679\" target=\"_blank\" rel=\"noopener\">Regulamento Geral de Prote\u00e7\u00e3o de Dados<\/a><\/p>\n<p>Para qualquer esclarecimento, informa\u00e7\u00e3o adicional ou exerc\u00edcio de direitos, dever\u00e1 contactar o Respons\u00e1vel pelo Tratamento de Dados Pessoais do RHG, atrav\u00e9s do endere\u00e7o de correio eletr\u00f3nico <a href=\"mailto:rgpd@realhotelsgroup.com?subject=RGPD - Pedido de informa\u00e7\u00e3o\" target=\"_blank\" rel=\"noopener\">rgpd@realhotelsgroup.com<\/a><\/p>\n","protected":false},"excerpt":{"rendered":"<p>O Regulamento Geral de Prote\u00e7\u00e3o de Dados, criado para proteger o Cidad\u00e3o relativamente ao tratamento dos seus dados pessoais, entrou em vigor no dia 25 de maio de 2018. O Real Hotels Group (RHG), desenvolve uma pol\u00edtica de privacidade que garante a confidencialidade e prote\u00e7\u00e3o dos dados fornecidos. O RHG assegura aos seus clientes e [&hellip;]<\/p>\n","protected":false},"author":36,"featured_media":0,"parent":0,"menu_order":200,"comment_status":"closed","ping_status":"closed","template":"template-privacy.php","meta":{"footnotes":""},"class_list":["post-222","page","type-page","status-publish","hentry"],"yoast_head":"<!-- This site is optimized with the Yoast SEO plugin v26.9 - https:\/\/yoast.com\/product\/yoast-seo-wordpress\/ -->\n<title>Pol\u00edtica de Privacidade - Real Hotels Group<\/title>\n<meta name=\"robots\" content=\"index, follow, max-snippet:-1, max-image-preview:large, max-video-preview:-1\" \/>\n<link rel=\"canonical\" href=\"https:\/\/www.realhotelsgroup.com\/pt-pt\/politica-de-privacidade\/\" \/>\n<meta property=\"og:locale\" content=\"pt_PT\" \/>\n<meta property=\"og:type\" content=\"article\" \/>\n<meta property=\"og:title\" content=\"Pol\u00edtica de Privacidade - Real Hotels Group\" \/>\n<meta property=\"og:description\" content=\"O Regulamento Geral de Prote\u00e7\u00e3o de Dados, criado para proteger o Cidad\u00e3o relativamente ao tratamento dos seus dados pessoais, entrou em vigor no dia 25 de maio de 2018. O Real Hotels Group (RHG), desenvolve uma pol\u00edtica de privacidade que garante a confidencialidade e prote\u00e7\u00e3o dos dados fornecidos. O RHG assegura aos seus clientes e [&hellip;]\" \/>\n<meta property=\"og:url\" content=\"https:\/\/www.realhotelsgroup.com\/pt-pt\/politica-de-privacidade\/\" \/>\n<meta property=\"og:site_name\" content=\"Real Hotels Group\" \/>\n<meta property=\"article:modified_time\" content=\"2024-10-01T14:55:50+00:00\" \/>\n<meta name=\"twitter:card\" content=\"summary_large_image\" \/>\n<meta name=\"twitter:label1\" content=\"Tempo estimado de leitura\" \/>\n\t<meta name=\"twitter:data1\" content=\"1 minuto\" \/>\n<script type=\"application\/ld+json\" class=\"yoast-schema-graph\">{\"@context\":\"https:\/\/schema.org\",\"@graph\":[{\"@type\":\"WebPage\",\"@id\":\"https:\/\/www.realhotelsgroup.com\/pt-pt\/politica-de-privacidade\/\",\"url\":\"https:\/\/www.realhotelsgroup.com\/pt-pt\/politica-de-privacidade\/\",\"name\":\"Pol\u00edtica de Privacidade - Real Hotels Group\",\"isPartOf\":{\"@id\":\"https:\/\/www.realhotelsgroup.com\/pt-pt\/#website\"},\"datePublished\":\"2020-12-01T11:21:03+00:00\",\"dateModified\":\"2024-10-01T14:55:50+00:00\",\"breadcrumb\":{\"@id\":\"https:\/\/www.realhotelsgroup.com\/pt-pt\/politica-de-privacidade\/#breadcrumb\"},\"inLanguage\":\"pt-PT\",\"potentialAction\":[{\"@type\":\"ReadAction\",\"target\":[\"https:\/\/www.realhotelsgroup.com\/pt-pt\/politica-de-privacidade\/\"]}]},{\"@type\":\"BreadcrumbList\",\"@id\":\"https:\/\/www.realhotelsgroup.com\/pt-pt\/politica-de-privacidade\/#breadcrumb\",\"itemListElement\":[{\"@type\":\"ListItem\",\"position\":1,\"name\":\"Home\",\"item\":\"https:\/\/www.realhotelsgroup.com\/pt-pt\/\"},{\"@type\":\"ListItem\",\"position\":2,\"name\":\"Pol\u00edtica de Privacidade\"}]},{\"@type\":\"WebSite\",\"@id\":\"https:\/\/www.realhotelsgroup.com\/pt-pt\/#website\",\"url\":\"https:\/\/www.realhotelsgroup.com\/pt-pt\/\",\"name\":\"Real Hotels Group\",\"description\":\"Just another ms.decms.eu site\",\"potentialAction\":[{\"@type\":\"SearchAction\",\"target\":{\"@type\":\"EntryPoint\",\"urlTemplate\":\"https:\/\/www.realhotelsgroup.com\/pt-pt\/?s={search_term_string}\"},\"query-input\":{\"@type\":\"PropertyValueSpecification\",\"valueRequired\":true,\"valueName\":\"search_term_string\"}}],\"inLanguage\":\"pt-PT\"}]}<\/script>\n<!-- \/ Yoast SEO plugin. -->","yoast_head_json":{"title":"Pol\u00edtica de Privacidade - Real Hotels Group","robots":{"index":"index","follow":"follow","max-snippet":"max-snippet:-1","max-image-preview":"max-image-preview:large","max-video-preview":"max-video-preview:-1"},"canonical":"https:\/\/www.realhotelsgroup.com\/pt-pt\/politica-de-privacidade\/","og_locale":"pt_PT","og_type":"article","og_title":"Pol\u00edtica de Privacidade - Real Hotels Group","og_description":"O Regulamento Geral de Prote\u00e7\u00e3o de Dados, criado para proteger o Cidad\u00e3o relativamente ao tratamento dos seus dados pessoais, entrou em vigor no dia 25 de maio de 2018. O Real Hotels Group (RHG), desenvolve uma pol\u00edtica de privacidade que garante a confidencialidade e prote\u00e7\u00e3o dos dados fornecidos. O RHG assegura aos seus clientes e [&hellip;]","og_url":"https:\/\/www.realhotelsgroup.com\/pt-pt\/politica-de-privacidade\/","og_site_name":"Real Hotels Group","article_modified_time":"2024-10-01T14:55:50+00:00","twitter_card":"summary_large_image","twitter_misc":{"Tempo estimado de leitura":"1 minuto"},"schema":{"@context":"https:\/\/schema.org","@graph":[{"@type":"WebPage","@id":"https:\/\/www.realhotelsgroup.com\/pt-pt\/politica-de-privacidade\/","url":"https:\/\/www.realhotelsgroup.com\/pt-pt\/politica-de-privacidade\/","name":"Pol\u00edtica de Privacidade - Real Hotels Group","isPartOf":{"@id":"https:\/\/www.realhotelsgroup.com\/pt-pt\/#website"},"datePublished":"2020-12-01T11:21:03+00:00","dateModified":"2024-10-01T14:55:50+00:00","breadcrumb":{"@id":"https:\/\/www.realhotelsgroup.com\/pt-pt\/politica-de-privacidade\/#breadcrumb"},"inLanguage":"pt-PT","potentialAction":[{"@type":"ReadAction","target":["https:\/\/www.realhotelsgroup.com\/pt-pt\/politica-de-privacidade\/"]}]},{"@type":"BreadcrumbList","@id":"https:\/\/www.realhotelsgroup.com\/pt-pt\/politica-de-privacidade\/#breadcrumb","itemListElement":[{"@type":"ListItem","position":1,"name":"Home","item":"https:\/\/www.realhotelsgroup.com\/pt-pt\/"},{"@type":"ListItem","position":2,"name":"Pol\u00edtica de Privacidade"}]},{"@type":"WebSite","@id":"https:\/\/www.realhotelsgroup.com\/pt-pt\/#website","url":"https:\/\/www.realhotelsgroup.com\/pt-pt\/","name":"Real Hotels Group","description":"Just another ms.decms.eu site","potentialAction":[{"@type":"SearchAction","target":{"@type":"EntryPoint","urlTemplate":"https:\/\/www.realhotelsgroup.com\/pt-pt\/?s={search_term_string}"},"query-input":{"@type":"PropertyValueSpecification","valueRequired":true,"valueName":"search_term_string"}}],"inLanguage":"pt-PT"}]}},"acf":[],"_links":{"self":[{"href":"https:\/\/www.realhotelsgroup.com\/pt-pt\/wp-json\/wp\/v2\/pages\/222","targetHints":{"allow":["GET"]}}],"collection":[{"href":"https:\/\/www.realhotelsgroup.com\/pt-pt\/wp-json\/wp\/v2\/pages"}],"about":[{"href":"https:\/\/www.realhotelsgroup.com\/pt-pt\/wp-json\/wp\/v2\/types\/page"}],"author":[{"embeddable":true,"href":"https:\/\/www.realhotelsgroup.com\/pt-pt\/wp-json\/wp\/v2\/users\/36"}],"replies":[{"embeddable":true,"href":"https:\/\/www.realhotelsgroup.com\/pt-pt\/wp-json\/wp\/v2\/comments?post=222"}],"version-history":[{"count":0,"href":"https:\/\/www.realhotelsgroup.com\/pt-pt\/wp-json\/wp\/v2\/pages\/222\/revisions"}],"wp:attachment":[{"href":"https:\/\/www.realhotelsgroup.com\/pt-pt\/wp-json\/wp\/v2\/media?parent=222"}],"curies":[{"name":"wp","href":"https:\/\/api.w.org\/{rel}","templated":true}]}}