{"id":226,"date":"2020-12-01T11:27:29","date_gmt":"2020-12-01T11:27:29","guid":{"rendered":"http:\/\/real-hotels-group.ms.decms.eu\/?page_id=226"},"modified":"2021-10-28T15:39:20","modified_gmt":"2021-10-28T15:39:20","slug":"politica-de-cookies","status":"publish","type":"page","link":"https:\/\/www.realhotelsgroup.com\/pt-pt\/politica-de-cookies\/","title":{"rendered":"Pol\u00edtica de Cookies"},"content":{"rendered":"<p>A leitura desta pol\u00edtica \u00e9 importante, pois ao continuar a navegar no nosso website concorda com o uso de cookies no seu browser e dispositivos utilizados, exceto se os tiver desativado.<\/p>\n<h2>O que s\u00e3o Cookies?<\/h2>\n<p>Cookies s\u00e3o pequenas etiquetas de software que s\u00e3o armazenadas no seu computador ou outros dispositivos que utilize para aceder \u00e0 internet, atrav\u00e9s do navegador (browser). Saiba mais sobre cookies em: <a href=\"http:\/\/www.allaboutcookies.org\">allaboutcookies.org<\/a>.<\/p>\n<h2>Qual a finalidade dos Cookies?<\/h2>\n<p>A utiliza\u00e7\u00e3o de cookies tem o objetivo de melhorar a experi\u00eancia de navega\u00e7\u00e3o do utilizador, aumentando a rapidez e efici\u00eancia de resposta dos websites. Elimina a necessidade de introduzir repetidamente as mesmas informa\u00e7\u00f5es e ajudam a determinar a utilidade, interesse e o n\u00famero de utiliza\u00e7\u00f5es. Cada cookie tem uma fun\u00e7\u00e3o e uma data de validade. A Bernardino Gomes Gest\u00e3o Hoteleira, titular da explora\u00e7\u00e3o dos hot\u00e9is do Real Hotels Group, n\u00e3o utilizar\u00e1, sem consentimento pr\u00e9vio, dados armazenados em cookies nos casos em que tal seja exigido.<\/p>\n<h2>Que Cookies s\u00e3o usados no website?<\/h2>\n<p>Este site utiliza \u201ccookies\u201d propriet\u00e1rios e de terceiros. Os cookies de terceiros diferem dos primeiros na medida em que s\u00e3o enviados para o dispositivo do utilizador, a partir de um equipamento ou dom\u00ednio, que n\u00e3o se encontra sob o controlo ou gest\u00e3o direta da Bernardino Gomes Gest\u00e3o Hoteleira, titular da explora\u00e7\u00e3o dos hot\u00e9is do Real Hotels Group. Os cookies podem ser classificados da seguinte forma:<\/p>\n<ul>\n<li><strong>Cookies Essenciais<\/strong> \u2013 S\u00e3o fundamentais para aceder a \u00e1reas espec\u00edficas do website. Permitem a navega\u00e7\u00e3o no website e a utiliza\u00e7\u00e3o das suas aplica\u00e7\u00f5es, tal como o acesso a \u00e1reas seguras atrav\u00e9s de login. Estes Cookies n\u00e3o recolhem informa\u00e7\u00e3o sobre o utilizador que possa ser utilizada para fins de marketing ou de identificar as visitas do utilizador a websites. Sem eles, certos servi\u00e7os n\u00e3o podem ser prestados.<\/li>\n<li><strong>Cookies Anal\u00edticos<\/strong> \u2013 Permitem analisar a forma como os utilizadores usam o website, permitindo destacar artigos ou servi\u00e7os que podem ser do seu interesse, monitorizar o desempenho do mesmo, conhecendo quais as p\u00e1ginas mais populares. Estes cookies s\u00e3o utilizados apenas para efeitos de cria\u00e7\u00e3o e an\u00e1lise estat\u00edstica.<\/li>\n<li><strong>Cookies Funcionais<\/strong> \u2013 Permitem relembrar as prefer\u00eancias do utilizador relativamente \u00e0 navega\u00e7\u00e3o no site. Assim, o utilizador n\u00e3o necessita de o reconfigurar e personalizar cada vez que o visita.<\/li>\n<li><strong>Cookies de Publicidade<\/strong> \u2013 Permite direcionar a publicidade em fun\u00e7\u00e3o dos interesses e h\u00e1bitos de utiliza\u00e7\u00e3o de cada utilizador dentro e fora do nosso website. Estes cookies s\u00e3o utilizados para suportar a realiza\u00e7\u00e3o de a\u00e7\u00f5es de marketing e comunica\u00e7\u00e3o mais direcionada, ajudando tamb\u00e9m a medir a efic\u00e1cia da publicidade.<\/li>\n<\/ul>\n<p>Relativamente \u00e0 sua validade, os cookies utilizados podem ainda ser:<\/p>\n<ul>\n<li><strong>Cookies Permanentes<\/strong> \u2013 Ficam armazenados ao n\u00edvel do browser e nos seus dispositivos de acesso (e.g., computador, mobile e tablet) e s\u00e3o utilizados sempre que o utilizador visita novamente o website. Em geral, s\u00e3o utilizados para direcionar a navega\u00e7\u00e3o de acordo com os interesses do utilizador, permitindo ao Grupo Bernadino Gomes prestar um servi\u00e7o mais personalizado.<\/li>\n<li><strong>Cookies de Sess\u00e3o<\/strong> \u2013 S\u00e3o gerados e est\u00e3o dispon\u00edveis at\u00e9 encerrar a sess\u00e3o. Da pr\u00f3xima vez que o utilizador aceder ao seu navegador de internet (browser) os cookies j\u00e1 n\u00e3o estar\u00e3o armazenados. A informa\u00e7\u00e3o obtida permite gerir as sess\u00f5es, identificar problemas e fornecer uma melhor experi\u00eancia de navega\u00e7\u00e3o.<\/li>\n<\/ul>\n<p>A Bernardino Gomes Gest\u00e3o Hoteleira, titular da explora\u00e7\u00e3o dos hot\u00e9is do Real Hotels Group utiliza os seguintes cookies:<\/p>\n<table>\n<tbody>\n<tr>\n<td><strong>Cookies<\/strong><\/td>\n<td><strong>Tipo<\/strong><\/td>\n<td><strong>Dura\u00e7\u00e3o<\/strong><\/td>\n<\/tr>\n<tr>\n<td>_ga<\/td>\n<td>Anal\u00edticos<\/td>\n<td>\u00a02 Anos<\/td>\n<\/tr>\n<tr>\n<td>_gat<\/td>\n<td>Anal\u00edticos<\/td>\n<td>Sess\u00e3o<\/td>\n<\/tr>\n<tr>\n<td>_gid<\/td>\n<td>Anal\u00edticos<\/td>\n<td>Sess\u00e3o<\/td>\n<\/tr>\n<tr>\n<td>_atuvc<\/td>\n<td>Publicidade<\/td>\n<td>1 Ano<\/td>\n<\/tr>\n<tr>\n<td>ANON_ID<\/td>\n<td>Publicidade<\/td>\n<td>3 Meses<\/td>\n<\/tr>\n<tr>\n<td>at-lojson-cache-#<\/td>\n<td>Publicidade<\/td>\n<td>\u00a0Persistente<\/td>\n<\/tr>\n<tr>\n<td>bkdc<\/td>\n<td>Publicidade<\/td>\n<td>179 Dias<\/td>\n<\/tr>\n<tr>\n<td>bku<\/td>\n<td>Publicidade<\/td>\n<td>1 Ano<\/td>\n<\/tr>\n<tr>\n<td>bt2<\/td>\n<td>Publicidade<\/td>\n<td>255 Dias<\/td>\n<\/tr>\n<tr>\n<td>di2<\/td>\n<td>Publicidade<\/td>\n<td>1 ano<\/td>\n<\/tr>\n<tr>\n<td>loc<\/td>\n<td>Publicidade<\/td>\n<td>1 ano<\/td>\n<\/tr>\n<tr>\n<td>mus<\/td>\n<td>Publicidade<\/td>\n<td>1 ano<\/td>\n<\/tr>\n<tr>\n<td>ouid<\/td>\n<td>Publicidade<\/td>\n<td>1 ano<\/td>\n<\/tr>\n<tr>\n<td>SEUNCY<\/td>\n<td>Publicidade<\/td>\n<td>179 Dias<\/td>\n<\/tr>\n<tr>\n<td>TapAd_DID<\/td>\n<td>Publicidade<\/td>\n<td>2 Meses<\/td>\n<\/tr>\n<tr>\n<td>TapAd_TS<\/td>\n<td>Publicidade<\/td>\n<td>2 Meses<\/td>\n<\/tr>\n<tr>\n<td>uid<\/td>\n<td>Publicidade<\/td>\n<td>1 Ano<\/td>\n<\/tr>\n<tr>\n<td>uvc<\/td>\n<td>Publicidade<\/td>\n<td>1 Ano<\/td>\n<\/tr>\n<tr>\n<td>vc<\/td>\n<td>Publicidade<\/td>\n<td>1 Ano<\/td>\n<\/tr>\n<tr>\n<td>xtc<\/td>\n<td>Publicidade<\/td>\n<td>1 Ano<\/td>\n<\/tr>\n<tr>\n<td>cltd<\/td>\n<td>Funcionais<\/td>\n<td>7157 Dias<\/td>\n<\/tr>\n<tr>\n<td>jfcookie[lang]<\/td>\n<td>Funcionais<\/td>\n<td>Sess\u00e3o<\/td>\n<\/tr>\n<\/tbody>\n<\/table>\n<p>&nbsp;<\/p>\n<h2>Como desativar o uso de Cookies?<\/h2>\n<p>Pode bloquear ou restringir o uso de cookies atrav\u00e9s das configura\u00e7\u00f5es dos browsers que usa, e em cada dispositivo que utiliza para aceder a Internet. Ao limitar a utiliza\u00e7\u00e3o de cookies pode dificultar a experi\u00eancia de navega\u00e7\u00e3o e, no limite, impedir o login no site, ou o funcionamento de servi\u00e7os prestados on-line.<\/p>\n<p><strong>\u00a0<\/strong><\/p>\n<p><strong>Google Chrome<\/strong>:<\/p>\n<p>O utilizador tem controlo total sobre as permiss\u00f5es de cookies no Google Chrome. Por predefini\u00e7\u00e3o, s\u00e3o permitidos todos os cookies, mas pode ajustar esta defini\u00e7\u00e3o. Se os cookies tiverem sido definidos ou bloqueados na p\u00e1gina que estiver a visualizar, \u00e9 apresentado um \u00edcone no final da barra de endere\u00e7o.<\/p>\n<ul>\n<li>Clique no menu do Chrome na barra de ferramentas<\/li>\n<li>Selecione &#8220;Defini\u00e7\u00f5es&#8221;<\/li>\n<li>Clique em &#8220;Mostrar defini\u00e7\u00f5es avan\u00e7adas&#8221;<\/li>\n<li>Na sec\u00e7\u00e3o &#8220;Privacidade&#8221;, clique no bot\u00e3o &#8220;Defini\u00e7\u00f5es de conte\u00fado&#8221;<\/li>\n<li>Seleccione a op\u00e7\u00e3o &#8220;Bloquear defini\u00e7\u00e3o dos dados por parte dos sites&#8221;<\/li>\n<li>Pode alterar as seguintes defini\u00e7\u00f5es de cookies na sec\u00e7\u00e3o &#8220;Cookies&#8221;:\n<ul>\n<li>Eliminar cookies<\/li>\n<li>Bloquear cookies por predefini\u00e7\u00e3o<\/li>\n<li>Permitir cookies por predefini\u00e7\u00e3o<\/li>\n<li>Manter cookies e dados do website por predefini\u00e7\u00e3o at\u00e9 sair do navegador<\/li>\n<li>Criar excep\u00e7\u00f5es para cookies de websites ou dom\u00ednios espec\u00edficos<\/li>\n<\/ul>\n<\/li>\n<\/ul>\n<p>Para mais informa\u00e7\u00f5es sobre defini\u00e7\u00f5es de cookies no Google Chrome, consulte a p\u00e1gina <a href=\"https:\/\/support.google.com\/chrome\/answer\/95647?hl=pt&amp;topic=14666&amp;ctx=topic\">Chrome Ajuda<\/a><\/p>\n<p><strong>Microsoft Internet Explorer<\/strong><\/p>\n<ul>\n<li>Clique no menu &#8220;Ferramentas&#8221; e escolha a op\u00e7\u00e3o &#8220;Op\u00e7\u00f5es de Internet&#8221;<\/li>\n<li>Seleccione o separador &#8220;Privacidade&#8221;<\/li>\n<li>Mova a barra para o topo, onde surgir\u00e1 &#8220;Bloquear todos os cookies&#8221;<\/li>\n<\/ul>\n<p>Para mais informa\u00e7\u00f5es sobre defini\u00e7\u00f5es de cookies Internet Explorer, consulte a p\u00e1gina da <a href=\"https:\/\/support.microsoft.com\/en-us\/help\/17442\/windows-internet-explorer-delete-manage-cookies\">Microsoft<\/a><\/p>\n<p><strong>\u00a0Mozilla Firefox<\/strong><\/p>\n<ul>\n<li>Clique no menu &#8220;Ferramentas&#8221;<\/li>\n<li>Seleccione &#8220;Op\u00e7\u00f5es&#8221;<\/li>\n<li>Clique no \u00edcone &#8220;Privacidade&#8221;, que encontra no painel superior<\/li>\n<li>Na sec\u00e7\u00e3o &#8220;Cookies&#8221; desactive a op\u00e7\u00e3o &#8220;Aceitar cookies dos sites&#8221;<\/li>\n<li>Clique em &#8220;OK&#8221; para guardar as altera\u00e7\u00f5es e fechar<\/li>\n<\/ul>\n<p>Para mais informa\u00e7\u00f5es sobre defini\u00e7\u00f5es de cookies no Mozilla Firefox, consulte a p\u00e1gina <a href=\"https:\/\/support.mozilla.org\/pt-PT\/kb\/ativar-e-desativar-cookies-que-os-websites-utiliza\">Mozilla Support<\/a><\/p>\n<p><strong>Safari<\/strong><\/p>\n<ul>\n<li>Clique em &#8220;Editar&#8221;<\/li>\n<li>Selecione &#8220;Prefer\u00eancias&#8221;<\/li>\n<li>No painel superior, seleccione o \u00edcone &#8220;Privacidade&#8221;<\/li>\n<li>Na sec\u00e7\u00e3o &#8220;Aceitar cookies&#8221;, seleccione &#8220;Nunca&#8221;<\/li>\n<\/ul>\n<p>Para mais informa\u00e7\u00f5es sobre defini\u00e7\u00f5es de cookies no Safari, consulte a p\u00e1gina da <a href=\"https:\/\/support.apple.com\/pt-pt\/HT201265\">Apple<\/a>.<\/p>\n<h2>Altera\u00e7\u00f5es \u00e0 Pol\u00edtica de Cookies<\/h2>\n<p>A Bernardino Gomes Gest\u00e3o Hoteleira, titular da explora\u00e7\u00e3o dos hot\u00e9is do Real Hotels Group, reserva-se o direito de a qualquer altura, proceder a reajustamentos ou altera\u00e7\u00f5es \u00e0 presente Pol\u00edtica de Cookies. Se continuar a usar o nosso site est\u00e1 a concordar com as referidas altera\u00e7\u00f5es.<\/p>\n","protected":false},"excerpt":{"rendered":"<p>A leitura desta pol\u00edtica \u00e9 importante, pois ao continuar a navegar no nosso website concorda com o uso de cookies no seu browser e dispositivos utilizados, exceto se os tiver desativado. O que s\u00e3o Cookies? Cookies s\u00e3o pequenas etiquetas de software que s\u00e3o armazenadas no seu computador ou outros dispositivos que utilize para aceder \u00e0 [&hellip;]<\/p>\n","protected":false},"author":36,"featured_media":0,"parent":0,"menu_order":210,"comment_status":"closed","ping_status":"closed","template":"","meta":{"footnotes":""},"class_list":["post-226","page","type-page","status-publish","hentry"],"yoast_head":"<!-- This site is optimized with the Yoast SEO plugin v26.9 - https:\/\/yoast.com\/product\/yoast-seo-wordpress\/ -->\n<title>Pol\u00edtica de Cookies - Real Hotels Group<\/title>\n<meta name=\"robots\" content=\"index, follow, max-snippet:-1, max-image-preview:large, max-video-preview:-1\" \/>\n<link rel=\"canonical\" href=\"https:\/\/www.realhotelsgroup.com\/pt-pt\/politica-de-cookies\/\" \/>\n<meta property=\"og:locale\" content=\"pt_PT\" \/>\n<meta property=\"og:type\" content=\"article\" \/>\n<meta property=\"og:title\" content=\"Pol\u00edtica de Cookies - Real Hotels Group\" \/>\n<meta property=\"og:description\" content=\"A leitura desta pol\u00edtica \u00e9 importante, pois ao continuar a navegar no nosso website concorda com o uso de cookies no seu browser e dispositivos utilizados, exceto se os tiver desativado. O que s\u00e3o Cookies? Cookies s\u00e3o pequenas etiquetas de software que s\u00e3o armazenadas no seu computador ou outros dispositivos que utilize para aceder \u00e0 [&hellip;]\" \/>\n<meta property=\"og:url\" content=\"https:\/\/www.realhotelsgroup.com\/pt-pt\/politica-de-cookies\/\" \/>\n<meta property=\"og:site_name\" content=\"Real Hotels Group\" \/>\n<meta property=\"article:modified_time\" content=\"2021-10-28T15:39:20+00:00\" \/>\n<meta name=\"twitter:card\" content=\"summary_large_image\" \/>\n<meta name=\"twitter:label1\" content=\"Tempo estimado de leitura\" \/>\n\t<meta name=\"twitter:data1\" content=\"6 minutos\" \/>\n<script type=\"application\/ld+json\" class=\"yoast-schema-graph\">{\"@context\":\"https:\/\/schema.org\",\"@graph\":[{\"@type\":\"WebPage\",\"@id\":\"https:\/\/www.realhotelsgroup.com\/pt-pt\/politica-de-cookies\/\",\"url\":\"https:\/\/www.realhotelsgroup.com\/pt-pt\/politica-de-cookies\/\",\"name\":\"Pol\u00edtica de Cookies - Real Hotels Group\",\"isPartOf\":{\"@id\":\"https:\/\/www.realhotelsgroup.com\/pt-pt\/#website\"},\"datePublished\":\"2020-12-01T11:27:29+00:00\",\"dateModified\":\"2021-10-28T15:39:20+00:00\",\"breadcrumb\":{\"@id\":\"https:\/\/www.realhotelsgroup.com\/pt-pt\/politica-de-cookies\/#breadcrumb\"},\"inLanguage\":\"pt-PT\",\"potentialAction\":[{\"@type\":\"ReadAction\",\"target\":[\"https:\/\/www.realhotelsgroup.com\/pt-pt\/politica-de-cookies\/\"]}]},{\"@type\":\"BreadcrumbList\",\"@id\":\"https:\/\/www.realhotelsgroup.com\/pt-pt\/politica-de-cookies\/#breadcrumb\",\"itemListElement\":[{\"@type\":\"ListItem\",\"position\":1,\"name\":\"Home\",\"item\":\"https:\/\/www.realhotelsgroup.com\/pt-pt\/\"},{\"@type\":\"ListItem\",\"position\":2,\"name\":\"Pol\u00edtica de Cookies\"}]},{\"@type\":\"WebSite\",\"@id\":\"https:\/\/www.realhotelsgroup.com\/pt-pt\/#website\",\"url\":\"https:\/\/www.realhotelsgroup.com\/pt-pt\/\",\"name\":\"Real Hotels Group\",\"description\":\"Just another ms.decms.eu site\",\"potentialAction\":[{\"@type\":\"SearchAction\",\"target\":{\"@type\":\"EntryPoint\",\"urlTemplate\":\"https:\/\/www.realhotelsgroup.com\/pt-pt\/?s={search_term_string}\"},\"query-input\":{\"@type\":\"PropertyValueSpecification\",\"valueRequired\":true,\"valueName\":\"search_term_string\"}}],\"inLanguage\":\"pt-PT\"}]}<\/script>\n<!-- \/ Yoast SEO plugin. -->","yoast_head_json":{"title":"Pol\u00edtica de Cookies - Real Hotels Group","robots":{"index":"index","follow":"follow","max-snippet":"max-snippet:-1","max-image-preview":"max-image-preview:large","max-video-preview":"max-video-preview:-1"},"canonical":"https:\/\/www.realhotelsgroup.com\/pt-pt\/politica-de-cookies\/","og_locale":"pt_PT","og_type":"article","og_title":"Pol\u00edtica de Cookies - Real Hotels Group","og_description":"A leitura desta pol\u00edtica \u00e9 importante, pois ao continuar a navegar no nosso website concorda com o uso de cookies no seu browser e dispositivos utilizados, exceto se os tiver desativado. O que s\u00e3o Cookies? Cookies s\u00e3o pequenas etiquetas de software que s\u00e3o armazenadas no seu computador ou outros dispositivos que utilize para aceder \u00e0 [&hellip;]","og_url":"https:\/\/www.realhotelsgroup.com\/pt-pt\/politica-de-cookies\/","og_site_name":"Real Hotels Group","article_modified_time":"2021-10-28T15:39:20+00:00","twitter_card":"summary_large_image","twitter_misc":{"Tempo estimado de leitura":"6 minutos"},"schema":{"@context":"https:\/\/schema.org","@graph":[{"@type":"WebPage","@id":"https:\/\/www.realhotelsgroup.com\/pt-pt\/politica-de-cookies\/","url":"https:\/\/www.realhotelsgroup.com\/pt-pt\/politica-de-cookies\/","name":"Pol\u00edtica de Cookies - Real Hotels Group","isPartOf":{"@id":"https:\/\/www.realhotelsgroup.com\/pt-pt\/#website"},"datePublished":"2020-12-01T11:27:29+00:00","dateModified":"2021-10-28T15:39:20+00:00","breadcrumb":{"@id":"https:\/\/www.realhotelsgroup.com\/pt-pt\/politica-de-cookies\/#breadcrumb"},"inLanguage":"pt-PT","potentialAction":[{"@type":"ReadAction","target":["https:\/\/www.realhotelsgroup.com\/pt-pt\/politica-de-cookies\/"]}]},{"@type":"BreadcrumbList","@id":"https:\/\/www.realhotelsgroup.com\/pt-pt\/politica-de-cookies\/#breadcrumb","itemListElement":[{"@type":"ListItem","position":1,"name":"Home","item":"https:\/\/www.realhotelsgroup.com\/pt-pt\/"},{"@type":"ListItem","position":2,"name":"Pol\u00edtica de Cookies"}]},{"@type":"WebSite","@id":"https:\/\/www.realhotelsgroup.com\/pt-pt\/#website","url":"https:\/\/www.realhotelsgroup.com\/pt-pt\/","name":"Real Hotels Group","description":"Just another ms.decms.eu site","potentialAction":[{"@type":"SearchAction","target":{"@type":"EntryPoint","urlTemplate":"https:\/\/www.realhotelsgroup.com\/pt-pt\/?s={search_term_string}"},"query-input":{"@type":"PropertyValueSpecification","valueRequired":true,"valueName":"search_term_string"}}],"inLanguage":"pt-PT"}]}},"acf":[],"_links":{"self":[{"href":"https:\/\/www.realhotelsgroup.com\/pt-pt\/wp-json\/wp\/v2\/pages\/226","targetHints":{"allow":["GET"]}}],"collection":[{"href":"https:\/\/www.realhotelsgroup.com\/pt-pt\/wp-json\/wp\/v2\/pages"}],"about":[{"href":"https:\/\/www.realhotelsgroup.com\/pt-pt\/wp-json\/wp\/v2\/types\/page"}],"author":[{"embeddable":true,"href":"https:\/\/www.realhotelsgroup.com\/pt-pt\/wp-json\/wp\/v2\/users\/36"}],"replies":[{"embeddable":true,"href":"https:\/\/www.realhotelsgroup.com\/pt-pt\/wp-json\/wp\/v2\/comments?post=226"}],"version-history":[{"count":0,"href":"https:\/\/www.realhotelsgroup.com\/pt-pt\/wp-json\/wp\/v2\/pages\/226\/revisions"}],"wp:attachment":[{"href":"https:\/\/www.realhotelsgroup.com\/pt-pt\/wp-json\/wp\/v2\/media?parent=226"}],"curies":[{"name":"wp","href":"https:\/\/api.w.org\/{rel}","templated":true}]}}