{"id":228,"date":"2020-12-01T11:33:00","date_gmt":"2020-12-01T11:33:00","guid":{"rendered":"http:\/\/real-hotels-group.ms.decms.eu\/?page_id=228"},"modified":"2020-12-01T11:33:00","modified_gmt":"2020-12-01T11:33:00","slug":"termos-e-condicoes","status":"publish","type":"page","link":"https:\/\/www.realhotelsgroup.com\/pt-pt\/termos-e-condicoes\/","title":{"rendered":"Termos e Condi\u00e7\u00f5es"},"content":{"rendered":"<h2>Real Hotels Group<\/h2>\n<p>Ao aceder ao nosso Site, o Utilizador compromete-se a aceitar e respeitar os presentes Termos e Condi\u00e7\u00f5es de utiliza\u00e7\u00e3o.<\/p>\n<ol>\n<li><strong> INTRODU\u00c7\u00c3O<\/strong><br \/>\nAo utilizar ou visitar as p\u00e1ginas web alojadas em [<a href=\"https:\/\/www.realhotelsgroup.com\/\">www.realhotelsgroup.com<\/a>] (\u201cSite\u201d) ou as informa\u00e7\u00f5es, ficheiros de dados, texto escrito, gr\u00e1ficos, hiperliga\u00e7\u00f5es, ficheiros \u00e1udio ou outros sons, fotografias, v\u00eddeos ou imagens, recursos e servi\u00e7os (\u201cConte\u00fados e Servi\u00e7os\u201d) atrav\u00e9s delas disponibilizadas, est\u00e1, enquanto Utilizador a concordar com todos os Termos e Condi\u00e7\u00f5es, bem como a <u>Pol\u00edtica de Privacidade<\/u>, a <u>Pol\u00edtica de Cookies<\/u> e outros avisos nos Sites.<\/p>\n<p>O Site \u00e9 detido pela Bernardino Gomes Gest\u00e3o Hoteleira, titular da explora\u00e7\u00e3o dos hot\u00e9is do Real Hotels Group, sociedade an\u00f3nima com sede na Rua Quinta do Paizinho 11, 2790-236 Carnaxide, inscrita na Conservat\u00f3ria do Registo Comercial de Lisboa, sob o n\u00famero \u00fanico de matr\u00edcula e de pessoa colectiva 509884350.<\/p>\n<p>O Bernardino Gomes Gest\u00e3o Hoteleira, titular da explora\u00e7\u00e3o dos hot\u00e9is do Real Hotels Group reserva-se o direito de i) modificar, acrescentar ou remover partes dos Termos e Condi\u00e7\u00f5es a todo o tempo; ii) actualizar, modificar ou terminar os Conte\u00fados e os Servi\u00e7os por qualquer motivo e sem notifica\u00e7\u00e3o pr\u00e9via a todo o tempo; iii) remover Contas de Utilizadores cujo conte\u00fado seja il\u00edcito, ofensivo, amea\u00e7ador, difamat\u00f3rio, pornogr\u00e1fico, obsceno ou censur\u00e1vel ou que viole direitos de propriedade intelectual de terceiros ou os presentes Termos e Condi\u00e7\u00f5es; iv) modificar, substituir, recusar acesso ao Site e aos Servi\u00e7os, suspender ou descontinu\u00e1-los, parcial ou totalmente. Estas altera\u00e7\u00f5es produzir\u00e3o efeitos a partir da sua coloca\u00e7\u00e3o no Site ou da data do envio de eventuais comunica\u00e7\u00f5es.<\/li>\n<\/ol>\n<p>&nbsp;<\/p>\n<ol start=\"2\">\n<li><strong> OBRIGA\u00c7\u00d5ES E RESPONSABILIDADES DO UTILIZADOR<\/strong><br \/>\nA Bernardino Gomes Gest\u00e3o Hoteleira, titular da explora\u00e7\u00e3o dos hot\u00e9is do Real Hotels Group reserva-se o direito de alterar os presentes termos a qualquer momento, sendo da exclusiva responsabilidade do Utilizador a verifica\u00e7\u00e3o e cumprimento dos mesmos aquando de cada utiliza\u00e7\u00e3o.<\/p>\n<p>O uso do Site depois da publica\u00e7\u00e3o das altera\u00e7\u00f5es constitui a aceita\u00e7\u00e3o da reda\u00e7\u00e3o atualizada dos Termos e Condi\u00e7\u00f5es. Caso n\u00e3o esteja de acordo com as altera\u00e7\u00f5es efetuadas ou, de um modo geral, com os Termos e Condi\u00e7\u00f5es de utiliza\u00e7\u00e3o, deve deixar, de imediato, de utilizar o nosso Site.<\/p>\n<p>Ao aceder, utilizar e descarregar materiais do Site, o Utilizador concorda, em seu nome e\/ou em representa\u00e7\u00e3o da entidade em nome de quem estiver a atuar, cumprir pontualmente com o disposto nos presentes termos, garantindo ter poderes para atuar em nome do terceiro que representa, se for esse o caso.<\/p>\n<p>Est\u00e1 expressamente vedado o acesso ou tentativa de acesso ao Site atrav\u00e9s de meios automatizados. \u00c9 proibido ao Utilizador criar ou introduzir neste Site quaisquer tipos de v\u00edrus ou programas que o danifiquem ou contaminem ou aconselhar terceiros a faz\u00ea-lo.<\/p>\n<p>\u00c9 proibida a utiliza\u00e7\u00e3o do Site para outros fins que n\u00e3o aqueles a que o Site se destina, incluindo fins ilegais ou quaisquer outros que possam ser considerados prejudiciais para a imagem da Bernardino Gomes Gest\u00e3o Hoteleira, titular da explora\u00e7\u00e3o dos hot\u00e9is do Real Hotels Group no mercado. A usurpa\u00e7\u00e3o, contrafa\u00e7\u00e3o, aproveitamento do conte\u00fado usurpado ou contrafeito, a identifica\u00e7\u00e3o ileg\u00edtima e a concorr\u00eancia desleal s\u00e3o pun\u00edveis criminalmente.<\/li>\n<\/ol>\n<p>&nbsp;<\/p>\n<ol start=\"3\">\n<li><strong> ACESSO E REGISTO<\/strong><br \/>\nO acesso a determinados conte\u00fados do Site, poder\u00e1 ser reservado aos Utilizadores devidamente registados e\/ou autorizados para esse efeito. Deste modo, pode ser-lhe solicitado que forne\u00e7a dados pessoais no \u00e2mbito do processo de cria\u00e7\u00e3o de conta de utilizador no Site (\u201cConta de Utilizador\u201d).<\/p>\n<p>Deve indicar um endere\u00e7o de correio eletr\u00f3nico v\u00e1lido e ao qual tenha o direito de aceder legitimamente, assim como quaisquer outras informa\u00e7\u00f5es necess\u00e1rias para concluir o processo de cria\u00e7\u00e3o de conta. A informa\u00e7\u00e3o disponibilizada deve estar atualizada, completa e precisa.<\/p>\n<p>O Utilizador \u00e9 respons\u00e1vel por manter a confidencialidade da sua palavra passe. Caso detete algum uso il\u00edcito da sua Conta de Utilizador, deve notificar de imediato Bernardino Gomes Gest\u00e3o Hoteleira, titular da explora\u00e7\u00e3o dos hot\u00e9is do Real Hotels Group. N\u00e3o obstante, pode ser responsabilizado pela Bernardino Gomes Gest\u00e3o Hoteleira, titular da explora\u00e7\u00e3o dos hot\u00e9is do Real Hotels Group, ou por terceiro pela utiliza\u00e7\u00e3o il\u00edcita da sua Conta de Utilizador ou da sua palavra passe.<\/p>\n<p>O Utilizador \u00e9 exclusivamente respons\u00e1vel por quaisquer danos emergentes ou lucros cessantes causados pela sua conduta il\u00edcita ao utilizar o Site e os Servi\u00e7os e pelos Conte\u00fados que disponibilize no Site.<\/p>\n<p>Caso a Bernardino Gomes Gest\u00e3o Hoteleira, titular da explora\u00e7\u00e3o dos hot\u00e9is do Real Hotels Group desative ou retire o acesso, o Utilizador compreende e aceita que pode ficar impedido de aceder a certas \u00e1reas restritas do Site, aos detalhes ou a quaisquer conte\u00fados na sua Conta de Utilizador.<\/li>\n<\/ol>\n<p>&nbsp;<\/p>\n<ol start=\"4\">\n<li><strong> LIGA\u00c7\u00d5ES EXTERNAS<\/strong><br \/>\nO Site poder\u00e1 conter refer\u00eancias publicit\u00e1rias e\/ou hiperliga\u00e7\u00f5es a outros sites geridos por terceiros (\u201cLiga\u00e7\u00f5es Externas\u201d), sobre os quais a Bernardino Gomes Gest\u00e3o Hoteleira, titular da explora\u00e7\u00e3o dos hot\u00e9is do Real Hotels Group n\u00e3o exerce qualquer controlo.<\/p>\n<p>A inclus\u00e3o de liga\u00e7\u00f5es externas n\u00e3o indica o endosso, apoio ou aprova\u00e7\u00e3o da Bernardino Gomes Gest\u00e3o Hoteleira, titular da explora\u00e7\u00e3o dos hot\u00e9is do Real Hotels Group com rela\u00e7\u00e3o ao conte\u00fado, propaganda, produtos, servi\u00e7os, pol\u00edticas ou outros materiais contidos nesses sites ou dispon\u00edveis a partir dos mesmos.<\/p>\n<p>A inclus\u00e3o de liga\u00e7\u00f5es externas \u00e9 de teor meramente informativo, sendo a Bernardino Gomes Gest\u00e3o Hoteleira, titular da explora\u00e7\u00e3o dos hot\u00e9is do Real Hotels Group inteiramente alheio aos respectivos conte\u00fados, servi\u00e7os e\/ou produtos oferecidos. Assim, a Bernardino Gomes Gest\u00e3o Hoteleira, titular da explora\u00e7\u00e3o dos hot\u00e9is do Real Hotels Group n\u00e3o pode ser imputado qualquer responsabilidade pelo seu conte\u00fado.<\/li>\n<\/ol>\n<p>A Bernardino Gomes Gest\u00e3o Hoteleira, titular da explora\u00e7\u00e3o dos hot\u00e9is do Real Hotels Group n\u00e3o garante a legalidade, confiabilidade e utilidade do conte\u00fado fornecido por terceiros atrav\u00e9s do Site.<\/p>\n<p>&nbsp;<\/p>\n<ol start=\"5\">\n<li><strong> DIREITOS DE AUTOR E PROPRIEDADE INTELECTUAL<\/strong><br \/>\nAs informa\u00e7\u00f5es contidas no Site, designadamente, o nome dos dom\u00ednios, marcas, logotipos, desenhos, ilustra\u00e7\u00f5es, fotografias, gr\u00e1ficos, ficheiros de dados, textos, m\u00fasicas, ficheiros de \u00e1udio ou outros sons, v\u00eddeos, software ou quaisquer outros ficheiros, aos quais tenha acesso como parte dos servi\u00e7os ou atrav\u00e9s da utiliza\u00e7\u00e3o do nosso Site, s\u00e3o consideradas propriedade da Bernardino Gomes Gest\u00e3o Hoteleira, titular da explora\u00e7\u00e3o dos hot\u00e9is do Real Hotels Group e encontram-se protegidas pela legisla\u00e7\u00e3o em vigor.<\/p>\n<p>Sob nenhuma hip\u00f3tese, o uso, acesso e navega\u00e7\u00e3o dos Utilizadores no Site ser\u00e1 interpretado, total ou parcialmente, como ren\u00fancia, transmiss\u00e3o, licen\u00e7a ou transfer\u00eancia destes direitos pela Bernardino Gomes Gest\u00e3o Hoteleira, titular da explora\u00e7\u00e3o dos hot\u00e9is do Real Hotels Group.<\/p>\n<p>N\u00e3o \u00e9 permitido ao Utilizador descarregar, copiar, transmitir, distribuir, reproduzir ou reenviar, parcial ou integralmente os referidos conte\u00fados para fins comerciais, a menos que tenha sido expressamente autorizado por escrito para o efeito pela Bernardino Gomes Gest\u00e3o Hoteleira, titular da explora\u00e7\u00e3o dos hot\u00e9is do Real Hotels Group. Salientamos que as m\u00e1s pr\u00e1ticas, na utiliza\u00e7\u00e3o da informa\u00e7\u00e3o supracitada, s\u00e3o proibidas e pun\u00edveis por lei.<\/p>\n<p>A utiliza\u00e7\u00e3o e\/ou divulga\u00e7\u00e3o externa, expressamente autorizada por escrito pela Bernardino Gomes Gest\u00e3o Hoteleira, titular da explora\u00e7\u00e3o dos hot\u00e9is do Real Hotels Group, da informa\u00e7\u00e3o contida no nosso Site, implica a men\u00e7\u00e3o expressa da origem e autoria dessa informa\u00e7\u00e3o.<\/p>\n<p>O Utilizador concorda e reconhece que a Bernardino Gomes Gest\u00e3o Hoteleira, titular da explora\u00e7\u00e3o dos hot\u00e9is do Real Hotels Group det\u00e9m todos os direitos de propriedade intelectual.<\/li>\n<\/ol>\n<p>&nbsp;<\/p>\n<ol start=\"6\">\n<li><strong> EXCLUS\u00c3O DE RESPONSABILIDADE<\/strong><br \/>\nA Bernardino Gomes Gest\u00e3o Hoteleira, titular da explora\u00e7\u00e3o dos hot\u00e9is do Real Hotels Group n\u00e3o se responsabiliza por qualquer dano ou perda que possa resultar da utiliza\u00e7\u00e3o das informa\u00e7\u00f5es, conte\u00fados e servi\u00e7os contidos nos nossos Sites.<\/p>\n<p>A Bernardino Gomes Gest\u00e3o Hoteleira, titular da explora\u00e7\u00e3o dos hot\u00e9is do Real Hotels Group n\u00e3o pode garantir a confiabilidade, utilidade e veracidade de todas as informa\u00e7\u00f5es e\/ou servi\u00e7os no Site, ou mesmo a utilidade e veracidade da documenta\u00e7\u00e3o fornecida pelo Site.<\/p>\n<p>Posto isto, A Bernardino Gomes Gest\u00e3o Hoteleira, titular da explora\u00e7\u00e3o dos hot\u00e9is do Real Hotels Group n\u00e3o garante ou assume responsabilidade: i) pela continuidade do conte\u00fado do Site; ii) pela aus\u00eancia de erros no conte\u00fado; iii) pela aus\u00eancia de v\u00edrus e\/ou outros componentes nocivos no Site e no servidor que o armazena; iv) pela invulnerabilidade do Site e\/ou impossibilidade de viola\u00e7\u00e3o das medidas de seguran\u00e7a nele adotadas; v) pela falta de utilidade ou desempenho do conte\u00fado do Site; e vi) pelos danos ou preju\u00edzos causados, para si mesmo ou terceiros, por qualquer pessoa que viole as condi\u00e7\u00f5es, as regras e instru\u00e7\u00f5es que a Bernardino Gomes Gest\u00e3o Hoteleira, titular da explora\u00e7\u00e3o dos hot\u00e9is do Real Hotels Group estabelece no Site, ou mesmo atrav\u00e9s da viola\u00e7\u00e3o de seus sistemas de seguran\u00e7a.<\/p>\n<p>A Bernardino Gomes Gest\u00e3o Hoteleira, titular da explora\u00e7\u00e3o dos hot\u00e9is do Real Hotels Group declara adotar todas as medidas necess\u00e1rias, dentro das possibilidades e do estado da tecnologia, para garantir o funcionamento do Site e reduzir ao m\u00ednimo a ocorr\u00eancia de erros no sistema, sejam eles do ponto de vista t\u00e9cnico ou em rela\u00e7\u00e3o ao conte\u00fado publicado no Site.<\/p>\n<p>Se os Utilizadores tomarem conhecimento de qualquer conte\u00fado que seja il\u00edcito, ilegal, contra a lei ou que possa representar viola\u00e7\u00e3o de direitos de propriedade intelectual ou industrial, da legisla\u00e7\u00e3o em mat\u00e9ria de prote\u00e7\u00e3o de dados pessoais e\/ou qualquer outro direito, devem imediatamente notificar a Bernardino Gomes Gest\u00e3o Hoteleira, titular da explora\u00e7\u00e3o dos hot\u00e9is do Real Hotels Group, para que se possa adotar as medidas apropriadas.<\/p>\n<p>A Bernardino Gomes Gest\u00e3o Hoteleira, titular da explora\u00e7\u00e3o dos hot\u00e9is do Real Hotels Group reserva o direito de suspender, modificar, restringir ou interromper o acesso, navega\u00e7\u00e3o, hospedagem ou descarregar o conte\u00fado e\/ou uso de servi\u00e7os do Site, com ou sem notifica\u00e7\u00e3o pr\u00e9via, para qualquer Utilizador que viole os termos estabelecidos nos presentes Termos e Condi\u00e7\u00f5es, sem que o mesmo tenha qualquer possibilidade de exigir compensa\u00e7\u00e3o por este motivo.<\/p>\n<p>Nenhuma recomenda\u00e7\u00e3o ou informa\u00e7\u00e3o, oral ou escrita, da Bernardino Gomes Gest\u00e3o Hoteleira, titular da explora\u00e7\u00e3o dos hot\u00e9is do Real Hotels Group, deve ser interpretada como constituindo uma garantia de qualquer tipo, a menos que esteja expressamente prevista nos Termos e Condi\u00e7\u00f5es.<\/p>\n<p>Caso discorde, parcial ou totalmente, do Site ou dos Conte\u00fados e Servi\u00e7os, ou ainda dos presentes Termos e Condi\u00e7\u00f5es, disp\u00f5e apenas da faculdade de deixar de utilizar o Site e de exigir o cancelamento da sua Conta de Utilizador.<\/li>\n<\/ol>\n<p>&nbsp;<\/p>\n<ol start=\"7\">\n<li><strong> POL\u00cdTICA DE PRIVACIDADE E COOKIES<\/strong><br \/>\nDe acordo com a legisla\u00e7\u00e3o aplic\u00e1vel em mat\u00e9ria de prote\u00e7\u00e3o de dados pessoais, todos os dados pessoais fornecidos durante a utiliza\u00e7\u00e3o do Site ser\u00e3o processados de acordo com a nossa <u>Pol\u00edtica de Privacidade<\/u>, que todo Utilizador deve aceitar para utilizar e fazer seu registo no Site.<\/p>\n<p>A Bernardino Gomes Gest\u00e3o Hoteleira, titular da explora\u00e7\u00e3o dos hot\u00e9is do Real Hotels Group assume que os dados foram fornecidos pelo titular dos mesmos ou que este deu autoriza\u00e7\u00e3o para o efeito e presume que os mesmos s\u00e3o verdadeiros e se encontram atualizados.<\/p>\n<p>Todos os Utilizadores que aceitem estes Termos e Condi\u00e7\u00f5es aceitam a nossa <u>Pol\u00edtica de Privacidade<\/u>, de maneira informada, expressa e inequ\u00edvoca, podendo exercer os seus direitos.<\/p>\n<p>Ao navegar no Site a Bernardino Gomes Gest\u00e3o Hoteleira, titular da explora\u00e7\u00e3o dos hot\u00e9is do Real Hotels Group poder\u00e1 recolher informa\u00e7\u00e3o sobre o computador, incluindo endere\u00e7o de IP, sistema operativo e browser usado, para fins administrativos e de agrega\u00e7\u00e3o de informa\u00e7\u00e3o para os seus anunciantes.<\/p>\n<p>A Bernardino Gomes Gest\u00e3o Hoteleira, titular da explora\u00e7\u00e3o dos hot\u00e9is do Real Hotels Group poder\u00e1 armazenar cookies no seu dispositivo para personalizar e facilitar ao m\u00e1ximo a navega\u00e7\u00e3o, para mais informa\u00e7\u00e3o dever\u00e1 ler a nossa <u>Pol\u00edtica de Cookies<\/u>.<\/li>\n<\/ol>\n<p>&nbsp;<\/p>\n<ol start=\"8\">\n<li><strong> JURISDI\u00c7\u00c3O<\/strong><br \/>\nOs presentes Termos e Condi\u00e7\u00f5es regem-se pela Lei Portuguesa.<\/li>\n<\/ol>\n<p>Bernardino Gomes Gest\u00e3o Hoteleira, titular da explora\u00e7\u00e3o dos hot\u00e9is do Real Hotels Group \u2013 Dezembro de 2020<\/p>\n","protected":false},"excerpt":{"rendered":"<p>Real Hotels Group Ao aceder ao nosso Site, o Utilizador compromete-se a aceitar e respeitar os presentes Termos e Condi\u00e7\u00f5es de utiliza\u00e7\u00e3o. INTRODU\u00c7\u00c3O Ao utilizar ou visitar as p\u00e1ginas web alojadas em [www.realhotelsgroup.com] (\u201cSite\u201d) ou as informa\u00e7\u00f5es, ficheiros de dados, texto escrito, gr\u00e1ficos, hiperliga\u00e7\u00f5es, ficheiros \u00e1udio ou outros sons, fotografias, v\u00eddeos ou imagens, recursos e [&hellip;]<\/p>\n","protected":false},"author":36,"featured_media":0,"parent":0,"menu_order":220,"comment_status":"closed","ping_status":"closed","template":"","meta":{"footnotes":""},"class_list":["post-228","page","type-page","status-publish","hentry"],"yoast_head":"<!-- This site is optimized with the Yoast SEO plugin v26.9 - https:\/\/yoast.com\/product\/yoast-seo-wordpress\/ -->\n<title>Termos e Condi\u00e7\u00f5es - Real Hotels Group<\/title>\n<meta name=\"robots\" content=\"index, follow, max-snippet:-1, max-image-preview:large, max-video-preview:-1\" \/>\n<link rel=\"canonical\" href=\"https:\/\/www.realhotelsgroup.com\/pt-pt\/termos-e-condicoes\/\" \/>\n<meta property=\"og:locale\" content=\"pt_PT\" \/>\n<meta property=\"og:type\" content=\"article\" \/>\n<meta property=\"og:title\" content=\"Termos e Condi\u00e7\u00f5es - Real Hotels Group\" \/>\n<meta property=\"og:description\" content=\"Real Hotels Group Ao aceder ao nosso Site, o Utilizador compromete-se a aceitar e respeitar os presentes Termos e Condi\u00e7\u00f5es de utiliza\u00e7\u00e3o. INTRODU\u00c7\u00c3O Ao utilizar ou visitar as p\u00e1ginas web alojadas em [www.realhotelsgroup.com] (\u201cSite\u201d) ou as informa\u00e7\u00f5es, ficheiros de dados, texto escrito, gr\u00e1ficos, hiperliga\u00e7\u00f5es, ficheiros \u00e1udio ou outros sons, fotografias, v\u00eddeos ou imagens, recursos e [&hellip;]\" \/>\n<meta property=\"og:url\" content=\"https:\/\/www.realhotelsgroup.com\/pt-pt\/termos-e-condicoes\/\" \/>\n<meta property=\"og:site_name\" content=\"Real Hotels Group\" \/>\n<meta name=\"twitter:card\" content=\"summary_large_image\" \/>\n<meta name=\"twitter:label1\" content=\"Tempo estimado de leitura\" \/>\n\t<meta name=\"twitter:data1\" content=\"11 minutos\" \/>\n<script type=\"application\/ld+json\" class=\"yoast-schema-graph\">{\"@context\":\"https:\/\/schema.org\",\"@graph\":[{\"@type\":\"WebPage\",\"@id\":\"https:\/\/www.realhotelsgroup.com\/pt-pt\/termos-e-condicoes\/\",\"url\":\"https:\/\/www.realhotelsgroup.com\/pt-pt\/termos-e-condicoes\/\",\"name\":\"Termos e Condi\u00e7\u00f5es - Real Hotels Group\",\"isPartOf\":{\"@id\":\"https:\/\/www.realhotelsgroup.com\/pt-pt\/#website\"},\"datePublished\":\"2020-12-01T11:33:00+00:00\",\"breadcrumb\":{\"@id\":\"https:\/\/www.realhotelsgroup.com\/pt-pt\/termos-e-condicoes\/#breadcrumb\"},\"inLanguage\":\"pt-PT\",\"potentialAction\":[{\"@type\":\"ReadAction\",\"target\":[\"https:\/\/www.realhotelsgroup.com\/pt-pt\/termos-e-condicoes\/\"]}]},{\"@type\":\"BreadcrumbList\",\"@id\":\"https:\/\/www.realhotelsgroup.com\/pt-pt\/termos-e-condicoes\/#breadcrumb\",\"itemListElement\":[{\"@type\":\"ListItem\",\"position\":1,\"name\":\"Home\",\"item\":\"https:\/\/www.realhotelsgroup.com\/pt-pt\/\"},{\"@type\":\"ListItem\",\"position\":2,\"name\":\"Termos e Condi\u00e7\u00f5es\"}]},{\"@type\":\"WebSite\",\"@id\":\"https:\/\/www.realhotelsgroup.com\/pt-pt\/#website\",\"url\":\"https:\/\/www.realhotelsgroup.com\/pt-pt\/\",\"name\":\"Real Hotels Group\",\"description\":\"Just another ms.decms.eu site\",\"potentialAction\":[{\"@type\":\"SearchAction\",\"target\":{\"@type\":\"EntryPoint\",\"urlTemplate\":\"https:\/\/www.realhotelsgroup.com\/pt-pt\/?s={search_term_string}\"},\"query-input\":{\"@type\":\"PropertyValueSpecification\",\"valueRequired\":true,\"valueName\":\"search_term_string\"}}],\"inLanguage\":\"pt-PT\"}]}<\/script>\n<!-- \/ Yoast SEO plugin. -->","yoast_head_json":{"title":"Termos e Condi\u00e7\u00f5es - Real Hotels Group","robots":{"index":"index","follow":"follow","max-snippet":"max-snippet:-1","max-image-preview":"max-image-preview:large","max-video-preview":"max-video-preview:-1"},"canonical":"https:\/\/www.realhotelsgroup.com\/pt-pt\/termos-e-condicoes\/","og_locale":"pt_PT","og_type":"article","og_title":"Termos e Condi\u00e7\u00f5es - Real Hotels Group","og_description":"Real Hotels Group Ao aceder ao nosso Site, o Utilizador compromete-se a aceitar e respeitar os presentes Termos e Condi\u00e7\u00f5es de utiliza\u00e7\u00e3o. INTRODU\u00c7\u00c3O Ao utilizar ou visitar as p\u00e1ginas web alojadas em [www.realhotelsgroup.com] (\u201cSite\u201d) ou as informa\u00e7\u00f5es, ficheiros de dados, texto escrito, gr\u00e1ficos, hiperliga\u00e7\u00f5es, ficheiros \u00e1udio ou outros sons, fotografias, v\u00eddeos ou imagens, recursos e [&hellip;]","og_url":"https:\/\/www.realhotelsgroup.com\/pt-pt\/termos-e-condicoes\/","og_site_name":"Real Hotels Group","twitter_card":"summary_large_image","twitter_misc":{"Tempo estimado de leitura":"11 minutos"},"schema":{"@context":"https:\/\/schema.org","@graph":[{"@type":"WebPage","@id":"https:\/\/www.realhotelsgroup.com\/pt-pt\/termos-e-condicoes\/","url":"https:\/\/www.realhotelsgroup.com\/pt-pt\/termos-e-condicoes\/","name":"Termos e Condi\u00e7\u00f5es - Real Hotels Group","isPartOf":{"@id":"https:\/\/www.realhotelsgroup.com\/pt-pt\/#website"},"datePublished":"2020-12-01T11:33:00+00:00","breadcrumb":{"@id":"https:\/\/www.realhotelsgroup.com\/pt-pt\/termos-e-condicoes\/#breadcrumb"},"inLanguage":"pt-PT","potentialAction":[{"@type":"ReadAction","target":["https:\/\/www.realhotelsgroup.com\/pt-pt\/termos-e-condicoes\/"]}]},{"@type":"BreadcrumbList","@id":"https:\/\/www.realhotelsgroup.com\/pt-pt\/termos-e-condicoes\/#breadcrumb","itemListElement":[{"@type":"ListItem","position":1,"name":"Home","item":"https:\/\/www.realhotelsgroup.com\/pt-pt\/"},{"@type":"ListItem","position":2,"name":"Termos e Condi\u00e7\u00f5es"}]},{"@type":"WebSite","@id":"https:\/\/www.realhotelsgroup.com\/pt-pt\/#website","url":"https:\/\/www.realhotelsgroup.com\/pt-pt\/","name":"Real Hotels Group","description":"Just another ms.decms.eu site","potentialAction":[{"@type":"SearchAction","target":{"@type":"EntryPoint","urlTemplate":"https:\/\/www.realhotelsgroup.com\/pt-pt\/?s={search_term_string}"},"query-input":{"@type":"PropertyValueSpecification","valueRequired":true,"valueName":"search_term_string"}}],"inLanguage":"pt-PT"}]}},"acf":[],"_links":{"self":[{"href":"https:\/\/www.realhotelsgroup.com\/pt-pt\/wp-json\/wp\/v2\/pages\/228","targetHints":{"allow":["GET"]}}],"collection":[{"href":"https:\/\/www.realhotelsgroup.com\/pt-pt\/wp-json\/wp\/v2\/pages"}],"about":[{"href":"https:\/\/www.realhotelsgroup.com\/pt-pt\/wp-json\/wp\/v2\/types\/page"}],"author":[{"embeddable":true,"href":"https:\/\/www.realhotelsgroup.com\/pt-pt\/wp-json\/wp\/v2\/users\/36"}],"replies":[{"embeddable":true,"href":"https:\/\/www.realhotelsgroup.com\/pt-pt\/wp-json\/wp\/v2\/comments?post=228"}],"version-history":[{"count":0,"href":"https:\/\/www.realhotelsgroup.com\/pt-pt\/wp-json\/wp\/v2\/pages\/228\/revisions"}],"wp:attachment":[{"href":"https:\/\/www.realhotelsgroup.com\/pt-pt\/wp-json\/wp\/v2\/media?parent=228"}],"curies":[{"name":"wp","href":"https:\/\/api.w.org\/{rel}","templated":true}]}}