{"id":268,"date":"2020-12-01T14:13:06","date_gmt":"2020-12-01T14:13:06","guid":{"rendered":"http:\/\/real-hotels-group.ms.decms.eu\/?page_id=268"},"modified":"2021-10-28T15:15:28","modified_gmt":"2021-10-28T15:15:28","slug":"portugal","status":"publish","type":"page","link":"https:\/\/www.realhotelsgroup.com\/pt-pt\/portugal\/","title":{"rendered":"Portugal"},"content":{"rendered":"<p>Aqui encontrar\u00e1 uma grande diversidade de paisagens a curta dist\u00e2ncia, muitas atividades de lazer e um patrim\u00f3nio cultural \u00fanico, onde a tradi\u00e7\u00e3o e a contemporaneidade se conjugam em harmonia.<\/p>\n<p>Do norte, ao sul do pa\u00eds, a heran\u00e7a hist\u00f3rica, a natureza \u00edmpar, a gastronomia, os bons vinhos e a simpatia dos portugueses fazem de Portugal o melhor destino da Europa pelos World Travel Awards, pelo quarto ano consecutivo, em 2020, e um destino de elei\u00e7\u00e3o, seja para um fim-de-semana ou para umas f\u00e9rias mais prolongadas.<\/p>\n","protected":false},"excerpt":{"rendered":"<p>Aqui encontrar\u00e1 uma grande diversidade de paisagens a curta dist\u00e2ncia, muitas atividades de lazer e um patrim\u00f3nio cultural \u00fanico, onde a tradi\u00e7\u00e3o e a contemporaneidade se conjugam em harmonia. Do norte, ao sul do pa\u00eds, a heran\u00e7a hist\u00f3rica, a natureza \u00edmpar, a gastronomia, os bons vinhos e a simpatia dos portugueses fazem de Portugal o [&hellip;]<\/p>\n","protected":false},"author":36,"featured_media":0,"parent":0,"menu_order":60,"comment_status":"closed","ping_status":"closed","template":"template-destinations.php","meta":{"footnotes":""},"class_list":["post-268","page","type-page","status-publish","hentry"],"yoast_head":"<!-- This site is optimized with the Yoast SEO plugin v26.9 - https:\/\/yoast.com\/product\/yoast-seo-wordpress\/ -->\n<title>Portugal - Real Hotels Group<\/title>\n<meta name=\"robots\" content=\"index, follow, max-snippet:-1, max-image-preview:large, max-video-preview:-1\" \/>\n<link rel=\"canonical\" href=\"https:\/\/www.realhotelsgroup.com\/pt-pt\/portugal\/\" \/>\n<meta property=\"og:locale\" content=\"pt_PT\" \/>\n<meta property=\"og:type\" content=\"article\" \/>\n<meta property=\"og:title\" content=\"Portugal - Real Hotels Group\" \/>\n<meta property=\"og:description\" content=\"Aqui encontrar\u00e1 uma grande diversidade de paisagens a curta dist\u00e2ncia, muitas atividades de lazer e um patrim\u00f3nio cultural \u00fanico, onde a tradi\u00e7\u00e3o e a contemporaneidade se conjugam em harmonia. Do norte, ao sul do pa\u00eds, a heran\u00e7a hist\u00f3rica, a natureza \u00edmpar, a gastronomia, os bons vinhos e a simpatia dos portugueses fazem de Portugal o [&hellip;]\" \/>\n<meta property=\"og:url\" content=\"https:\/\/www.realhotelsgroup.com\/pt-pt\/portugal\/\" \/>\n<meta property=\"og:site_name\" content=\"Real Hotels Group\" \/>\n<meta property=\"article:modified_time\" content=\"2021-10-28T15:15:28+00:00\" \/>\n<meta name=\"twitter:card\" content=\"summary_large_image\" \/>\n<script type=\"application\/ld+json\" class=\"yoast-schema-graph\">{\"@context\":\"https:\/\/schema.org\",\"@graph\":[{\"@type\":\"WebPage\",\"@id\":\"https:\/\/www.realhotelsgroup.com\/pt-pt\/portugal\/\",\"url\":\"https:\/\/www.realhotelsgroup.com\/pt-pt\/portugal\/\",\"name\":\"Portugal - Real Hotels Group\",\"isPartOf\":{\"@id\":\"https:\/\/www.realhotelsgroup.com\/pt-pt\/#website\"},\"datePublished\":\"2020-12-01T14:13:06+00:00\",\"dateModified\":\"2021-10-28T15:15:28+00:00\",\"breadcrumb\":{\"@id\":\"https:\/\/www.realhotelsgroup.com\/pt-pt\/portugal\/#breadcrumb\"},\"inLanguage\":\"pt-PT\",\"potentialAction\":[{\"@type\":\"ReadAction\",\"target\":[\"https:\/\/www.realhotelsgroup.com\/pt-pt\/portugal\/\"]}]},{\"@type\":\"BreadcrumbList\",\"@id\":\"https:\/\/www.realhotelsgroup.com\/pt-pt\/portugal\/#breadcrumb\",\"itemListElement\":[{\"@type\":\"ListItem\",\"position\":1,\"name\":\"Home\",\"item\":\"https:\/\/www.realhotelsgroup.com\/pt-pt\/\"},{\"@type\":\"ListItem\",\"position\":2,\"name\":\"Portugal\"}]},{\"@type\":\"WebSite\",\"@id\":\"https:\/\/www.realhotelsgroup.com\/pt-pt\/#website\",\"url\":\"https:\/\/www.realhotelsgroup.com\/pt-pt\/\",\"name\":\"Real Hotels Group\",\"description\":\"Just another ms.decms.eu site\",\"potentialAction\":[{\"@type\":\"SearchAction\",\"target\":{\"@type\":\"EntryPoint\",\"urlTemplate\":\"https:\/\/www.realhotelsgroup.com\/pt-pt\/?s={search_term_string}\"},\"query-input\":{\"@type\":\"PropertyValueSpecification\",\"valueRequired\":true,\"valueName\":\"search_term_string\"}}],\"inLanguage\":\"pt-PT\"}]}<\/script>\n<!-- \/ Yoast SEO plugin. -->","yoast_head_json":{"title":"Portugal - Real Hotels Group","robots":{"index":"index","follow":"follow","max-snippet":"max-snippet:-1","max-image-preview":"max-image-preview:large","max-video-preview":"max-video-preview:-1"},"canonical":"https:\/\/www.realhotelsgroup.com\/pt-pt\/portugal\/","og_locale":"pt_PT","og_type":"article","og_title":"Portugal - Real Hotels Group","og_description":"Aqui encontrar\u00e1 uma grande diversidade de paisagens a curta dist\u00e2ncia, muitas atividades de lazer e um patrim\u00f3nio cultural \u00fanico, onde a tradi\u00e7\u00e3o e a contemporaneidade se conjugam em harmonia. Do norte, ao sul do pa\u00eds, a heran\u00e7a hist\u00f3rica, a natureza \u00edmpar, a gastronomia, os bons vinhos e a simpatia dos portugueses fazem de Portugal o [&hellip;]","og_url":"https:\/\/www.realhotelsgroup.com\/pt-pt\/portugal\/","og_site_name":"Real Hotels Group","article_modified_time":"2021-10-28T15:15:28+00:00","twitter_card":"summary_large_image","schema":{"@context":"https:\/\/schema.org","@graph":[{"@type":"WebPage","@id":"https:\/\/www.realhotelsgroup.com\/pt-pt\/portugal\/","url":"https:\/\/www.realhotelsgroup.com\/pt-pt\/portugal\/","name":"Portugal - Real Hotels Group","isPartOf":{"@id":"https:\/\/www.realhotelsgroup.com\/pt-pt\/#website"},"datePublished":"2020-12-01T14:13:06+00:00","dateModified":"2021-10-28T15:15:28+00:00","breadcrumb":{"@id":"https:\/\/www.realhotelsgroup.com\/pt-pt\/portugal\/#breadcrumb"},"inLanguage":"pt-PT","potentialAction":[{"@type":"ReadAction","target":["https:\/\/www.realhotelsgroup.com\/pt-pt\/portugal\/"]}]},{"@type":"BreadcrumbList","@id":"https:\/\/www.realhotelsgroup.com\/pt-pt\/portugal\/#breadcrumb","itemListElement":[{"@type":"ListItem","position":1,"name":"Home","item":"https:\/\/www.realhotelsgroup.com\/pt-pt\/"},{"@type":"ListItem","position":2,"name":"Portugal"}]},{"@type":"WebSite","@id":"https:\/\/www.realhotelsgroup.com\/pt-pt\/#website","url":"https:\/\/www.realhotelsgroup.com\/pt-pt\/","name":"Real Hotels Group","description":"Just another ms.decms.eu site","potentialAction":[{"@type":"SearchAction","target":{"@type":"EntryPoint","urlTemplate":"https:\/\/www.realhotelsgroup.com\/pt-pt\/?s={search_term_string}"},"query-input":{"@type":"PropertyValueSpecification","valueRequired":true,"valueName":"search_term_string"}}],"inLanguage":"pt-PT"}]}},"acf":[],"_links":{"self":[{"href":"https:\/\/www.realhotelsgroup.com\/pt-pt\/wp-json\/wp\/v2\/pages\/268","targetHints":{"allow":["GET"]}}],"collection":[{"href":"https:\/\/www.realhotelsgroup.com\/pt-pt\/wp-json\/wp\/v2\/pages"}],"about":[{"href":"https:\/\/www.realhotelsgroup.com\/pt-pt\/wp-json\/wp\/v2\/types\/page"}],"author":[{"embeddable":true,"href":"https:\/\/www.realhotelsgroup.com\/pt-pt\/wp-json\/wp\/v2\/users\/36"}],"replies":[{"embeddable":true,"href":"https:\/\/www.realhotelsgroup.com\/pt-pt\/wp-json\/wp\/v2\/comments?post=268"}],"version-history":[{"count":0,"href":"https:\/\/www.realhotelsgroup.com\/pt-pt\/wp-json\/wp\/v2\/pages\/268\/revisions"}],"wp:attachment":[{"href":"https:\/\/www.realhotelsgroup.com\/pt-pt\/wp-json\/wp\/v2\/media?parent=268"}],"curies":[{"name":"wp","href":"https:\/\/api.w.org\/{rel}","templated":true}]}}