{"id":275,"date":"2020-12-01T14:48:28","date_gmt":"2020-12-01T14:48:28","guid":{"rendered":"http:\/\/real-hotels-group.ms.decms.eu\/?page_id=275"},"modified":"2021-10-28T15:16:01","modified_gmt":"2021-10-28T15:16:01","slug":"porto","status":"publish","type":"page","link":"https:\/\/www.realhotelsgroup.com\/pt-pt\/portugal\/porto\/","title":{"rendered":"Porto"},"content":{"rendered":"<p>O <strong>Porto<\/strong> \u00e9 um dos destinos tur\u00edsticos mais antigos da Europa e a riqueza do seu <strong>patrim\u00f3nio art\u00edstico<\/strong>, o <strong>Vinho do Porto<\/strong>, os vastos espa\u00e7os dedicados ao lazer e a sua <strong>vida cultural<\/strong> s\u00e3o apenas alguns dos motivos que convidam a visitar a cidade.<\/p>\n<p>Ao longo do rio e do mar a cidade desdobra-se em paisagens encantadoras, esplanadas convidativas e o prazer do ar livre, que os espa\u00e7os verdes complementam. Mantendo o seu car\u00e1ter hospitaleiro e conservador, a cidade \u00e9, tamb\u00e9m, contempor\u00e2nea e criativa, assim o mostram as pessoas, as ruas, a arquitetura, os museus, os espa\u00e7os de lazer, as esplanadas e as zonas comerciais, das mais tradicionais a espa\u00e7os modernos e exclusivos.<\/p>\n<p>O<strong> Centro Hist\u00f3rico do Porto<\/strong> \u00e9 <strong>Patrim\u00f3nio Cultural da Humanidade<\/strong> desde 1996 e o seu enquadramento paisag\u00edstico e o tra\u00e7ado sinuoso das suas ruas conferem-lhe uma beleza singular.<br \/>\n<em>in Turismo do Porto<\/em><\/p>\n","protected":false},"excerpt":{"rendered":"<p>O Porto \u00e9 um dos destinos tur\u00edsticos mais antigos da Europa e a riqueza do seu patrim\u00f3nio art\u00edstico, o Vinho do Porto, os vastos espa\u00e7os dedicados ao lazer e a sua vida cultural s\u00e3o apenas alguns dos motivos que convidam a visitar a cidade. Ao longo do rio e do mar a cidade desdobra-se em [&hellip;]<\/p>\n","protected":false},"author":36,"featured_media":0,"parent":268,"menu_order":10,"comment_status":"closed","ping_status":"closed","template":"template-single-destination.php","meta":{"footnotes":""},"class_list":["post-275","page","type-page","status-publish","hentry"],"yoast_head":"<!-- This site is optimized with the Yoast SEO plugin v26.9 - https:\/\/yoast.com\/product\/yoast-seo-wordpress\/ -->\n<title>Porto - Real Hotels Group<\/title>\n<meta name=\"robots\" content=\"index, follow, max-snippet:-1, max-image-preview:large, max-video-preview:-1\" \/>\n<link rel=\"canonical\" href=\"https:\/\/www.realhotelsgroup.com\/pt-pt\/portugal\/porto\/\" \/>\n<meta property=\"og:locale\" content=\"pt_PT\" \/>\n<meta property=\"og:type\" content=\"article\" \/>\n<meta property=\"og:title\" content=\"Porto - Real Hotels Group\" \/>\n<meta property=\"og:description\" content=\"O Porto \u00e9 um dos destinos tur\u00edsticos mais antigos da Europa e a riqueza do seu patrim\u00f3nio art\u00edstico, o Vinho do Porto, os vastos espa\u00e7os dedicados ao lazer e a sua vida cultural s\u00e3o apenas alguns dos motivos que convidam a visitar a cidade. Ao longo do rio e do mar a cidade desdobra-se em [&hellip;]\" \/>\n<meta property=\"og:url\" content=\"https:\/\/www.realhotelsgroup.com\/pt-pt\/portugal\/porto\/\" \/>\n<meta property=\"og:site_name\" content=\"Real Hotels Group\" \/>\n<meta property=\"article:modified_time\" content=\"2021-10-28T15:16:01+00:00\" \/>\n<meta name=\"twitter:card\" content=\"summary_large_image\" \/>\n<meta name=\"twitter:label1\" content=\"Tempo estimado de leitura\" \/>\n\t<meta name=\"twitter:data1\" content=\"1 minuto\" \/>\n<script type=\"application\/ld+json\" class=\"yoast-schema-graph\">{\"@context\":\"https:\/\/schema.org\",\"@graph\":[{\"@type\":\"WebPage\",\"@id\":\"https:\/\/www.realhotelsgroup.com\/pt-pt\/portugal\/porto\/\",\"url\":\"https:\/\/www.realhotelsgroup.com\/pt-pt\/portugal\/porto\/\",\"name\":\"Porto - Real Hotels Group\",\"isPartOf\":{\"@id\":\"https:\/\/www.realhotelsgroup.com\/pt-pt\/#website\"},\"datePublished\":\"2020-12-01T14:48:28+00:00\",\"dateModified\":\"2021-10-28T15:16:01+00:00\",\"breadcrumb\":{\"@id\":\"https:\/\/www.realhotelsgroup.com\/pt-pt\/portugal\/porto\/#breadcrumb\"},\"inLanguage\":\"pt-PT\",\"potentialAction\":[{\"@type\":\"ReadAction\",\"target\":[\"https:\/\/www.realhotelsgroup.com\/pt-pt\/portugal\/porto\/\"]}]},{\"@type\":\"BreadcrumbList\",\"@id\":\"https:\/\/www.realhotelsgroup.com\/pt-pt\/portugal\/porto\/#breadcrumb\",\"itemListElement\":[{\"@type\":\"ListItem\",\"position\":1,\"name\":\"Home\",\"item\":\"https:\/\/www.realhotelsgroup.com\/pt-pt\/\"},{\"@type\":\"ListItem\",\"position\":2,\"name\":\"Portugal\",\"item\":\"https:\/\/www.realhotelsgroup.com\/pt-pt\/portugal\/\"},{\"@type\":\"ListItem\",\"position\":3,\"name\":\"Porto\"}]},{\"@type\":\"WebSite\",\"@id\":\"https:\/\/www.realhotelsgroup.com\/pt-pt\/#website\",\"url\":\"https:\/\/www.realhotelsgroup.com\/pt-pt\/\",\"name\":\"Real Hotels Group\",\"description\":\"Just another ms.decms.eu site\",\"potentialAction\":[{\"@type\":\"SearchAction\",\"target\":{\"@type\":\"EntryPoint\",\"urlTemplate\":\"https:\/\/www.realhotelsgroup.com\/pt-pt\/?s={search_term_string}\"},\"query-input\":{\"@type\":\"PropertyValueSpecification\",\"valueRequired\":true,\"valueName\":\"search_term_string\"}}],\"inLanguage\":\"pt-PT\"}]}<\/script>\n<!-- \/ Yoast SEO plugin. -->","yoast_head_json":{"title":"Porto - Real Hotels Group","robots":{"index":"index","follow":"follow","max-snippet":"max-snippet:-1","max-image-preview":"max-image-preview:large","max-video-preview":"max-video-preview:-1"},"canonical":"https:\/\/www.realhotelsgroup.com\/pt-pt\/portugal\/porto\/","og_locale":"pt_PT","og_type":"article","og_title":"Porto - Real Hotels Group","og_description":"O Porto \u00e9 um dos destinos tur\u00edsticos mais antigos da Europa e a riqueza do seu patrim\u00f3nio art\u00edstico, o Vinho do Porto, os vastos espa\u00e7os dedicados ao lazer e a sua vida cultural s\u00e3o apenas alguns dos motivos que convidam a visitar a cidade. Ao longo do rio e do mar a cidade desdobra-se em [&hellip;]","og_url":"https:\/\/www.realhotelsgroup.com\/pt-pt\/portugal\/porto\/","og_site_name":"Real Hotels Group","article_modified_time":"2021-10-28T15:16:01+00:00","twitter_card":"summary_large_image","twitter_misc":{"Tempo estimado de leitura":"1 minuto"},"schema":{"@context":"https:\/\/schema.org","@graph":[{"@type":"WebPage","@id":"https:\/\/www.realhotelsgroup.com\/pt-pt\/portugal\/porto\/","url":"https:\/\/www.realhotelsgroup.com\/pt-pt\/portugal\/porto\/","name":"Porto - Real Hotels Group","isPartOf":{"@id":"https:\/\/www.realhotelsgroup.com\/pt-pt\/#website"},"datePublished":"2020-12-01T14:48:28+00:00","dateModified":"2021-10-28T15:16:01+00:00","breadcrumb":{"@id":"https:\/\/www.realhotelsgroup.com\/pt-pt\/portugal\/porto\/#breadcrumb"},"inLanguage":"pt-PT","potentialAction":[{"@type":"ReadAction","target":["https:\/\/www.realhotelsgroup.com\/pt-pt\/portugal\/porto\/"]}]},{"@type":"BreadcrumbList","@id":"https:\/\/www.realhotelsgroup.com\/pt-pt\/portugal\/porto\/#breadcrumb","itemListElement":[{"@type":"ListItem","position":1,"name":"Home","item":"https:\/\/www.realhotelsgroup.com\/pt-pt\/"},{"@type":"ListItem","position":2,"name":"Portugal","item":"https:\/\/www.realhotelsgroup.com\/pt-pt\/portugal\/"},{"@type":"ListItem","position":3,"name":"Porto"}]},{"@type":"WebSite","@id":"https:\/\/www.realhotelsgroup.com\/pt-pt\/#website","url":"https:\/\/www.realhotelsgroup.com\/pt-pt\/","name":"Real Hotels Group","description":"Just another ms.decms.eu site","potentialAction":[{"@type":"SearchAction","target":{"@type":"EntryPoint","urlTemplate":"https:\/\/www.realhotelsgroup.com\/pt-pt\/?s={search_term_string}"},"query-input":{"@type":"PropertyValueSpecification","valueRequired":true,"valueName":"search_term_string"}}],"inLanguage":"pt-PT"}]}},"acf":[],"_links":{"self":[{"href":"https:\/\/www.realhotelsgroup.com\/pt-pt\/wp-json\/wp\/v2\/pages\/275","targetHints":{"allow":["GET"]}}],"collection":[{"href":"https:\/\/www.realhotelsgroup.com\/pt-pt\/wp-json\/wp\/v2\/pages"}],"about":[{"href":"https:\/\/www.realhotelsgroup.com\/pt-pt\/wp-json\/wp\/v2\/types\/page"}],"author":[{"embeddable":true,"href":"https:\/\/www.realhotelsgroup.com\/pt-pt\/wp-json\/wp\/v2\/users\/36"}],"replies":[{"embeddable":true,"href":"https:\/\/www.realhotelsgroup.com\/pt-pt\/wp-json\/wp\/v2\/comments?post=275"}],"version-history":[{"count":0,"href":"https:\/\/www.realhotelsgroup.com\/pt-pt\/wp-json\/wp\/v2\/pages\/275\/revisions"}],"up":[{"embeddable":true,"href":"https:\/\/www.realhotelsgroup.com\/pt-pt\/wp-json\/wp\/v2\/pages\/268"}],"wp:attachment":[{"href":"https:\/\/www.realhotelsgroup.com\/pt-pt\/wp-json\/wp\/v2\/media?parent=275"}],"curies":[{"name":"wp","href":"https:\/\/api.w.org\/{rel}","templated":true}]}}