{"id":283,"date":"2020-12-01T15:00:57","date_gmt":"2020-12-01T15:00:57","guid":{"rendered":"http:\/\/real-hotels-group.ms.decms.eu\/?page_id=283"},"modified":"2020-12-01T16:02:29","modified_gmt":"2020-12-01T16:02:29","slug":"lisboa","status":"publish","type":"page","link":"https:\/\/www.realhotelsgroup.com\/pt-pt\/portugal\/lisboa\/","title":{"rendered":"Lisboa"},"content":{"rendered":"<p>A sua hist\u00f3ria \u00e9 longa, feita de avan\u00e7os e recuos entre conquistas e reconquistas. O melhor ser\u00e1 remontar aos prim\u00f3rdios da funda\u00e7\u00e3o da cidade. Para tal, sugerimos que fa\u00e7a uma visita ao Castelo de S\u00e3o Jorge, a mais alta das sete colinas que um dia desenharam o perfil de Lisboa. Pensa-se que ter\u00e1 sido neste ponto da cidade que surgiu o primeiro povoado que deu origem a <strong>Lisboa<\/strong>.<\/p>\n<p>Se no Castelo come\u00e7a a hist\u00f3ria, pela imponente vista panor\u00e2mica, \u00e9 de l\u00e1 que tamb\u00e9m pode ver o presente e futuro da cidade. Saindo do Castelo, \u00e9 imprescind\u00edvel passar pelo miradouro da Gra\u00e7a e pelos bairros de Alfama e Mouraria, vincados pela cultura popular, com\u00e9rcio tradicional e dezenas de casas de fado.<\/p>\n<p>Descendo a colina, entramos na Baixa de Lisboa, reconstru\u00edda em 1755 sob a al\u00e7ada de Marqu\u00eas de Pombal, ap\u00f3s o grande terramoto. Passeie pela Baixa, descubra os seus recantos, conhe\u00e7a a tra\u00e7a Pombalina e desfrute de algumas das iguarias regionais.<\/p>\n<p>E se o Sol chamar por si, a uma dist\u00e2ncia de 30 minutos, as praias da costa do Estoril tamb\u00e9m aguardam a sua chegada.<\/p>\n<p>Aos mais sonhadores, convidamos a visitar os ancestrais pal\u00e1cios e jardins de Sintra, para conhecer as hist\u00f3rias dos reis, rainhas e artistas.<\/p>\n","protected":false},"excerpt":{"rendered":"<p>A sua hist\u00f3ria \u00e9 longa, feita de avan\u00e7os e recuos entre conquistas e reconquistas. O melhor ser\u00e1 remontar aos prim\u00f3rdios da funda\u00e7\u00e3o da cidade. Para tal, sugerimos que fa\u00e7a uma visita ao Castelo de S\u00e3o Jorge, a mais alta das sete colinas que um dia desenharam o perfil de Lisboa. Pensa-se que ter\u00e1 sido neste [&hellip;]<\/p>\n","protected":false},"author":36,"featured_media":0,"parent":268,"menu_order":20,"comment_status":"closed","ping_status":"closed","template":"template-single-destination.php","meta":{"footnotes":""},"class_list":["post-283","page","type-page","status-publish","hentry"],"yoast_head":"<!-- This site is optimized with the Yoast SEO plugin v26.9 - https:\/\/yoast.com\/product\/yoast-seo-wordpress\/ -->\n<title>Lisboa - Real Hotels Group<\/title>\n<meta name=\"robots\" content=\"index, follow, max-snippet:-1, max-image-preview:large, max-video-preview:-1\" \/>\n<link rel=\"canonical\" href=\"https:\/\/www.realhotelsgroup.com\/pt-pt\/portugal\/lisboa\/\" \/>\n<meta property=\"og:locale\" content=\"pt_PT\" \/>\n<meta property=\"og:type\" content=\"article\" \/>\n<meta property=\"og:title\" content=\"Lisboa - Real Hotels Group\" \/>\n<meta property=\"og:description\" content=\"A sua hist\u00f3ria \u00e9 longa, feita de avan\u00e7os e recuos entre conquistas e reconquistas. O melhor ser\u00e1 remontar aos prim\u00f3rdios da funda\u00e7\u00e3o da cidade. Para tal, sugerimos que fa\u00e7a uma visita ao Castelo de S\u00e3o Jorge, a mais alta das sete colinas que um dia desenharam o perfil de Lisboa. Pensa-se que ter\u00e1 sido neste [&hellip;]\" \/>\n<meta property=\"og:url\" content=\"https:\/\/www.realhotelsgroup.com\/pt-pt\/portugal\/lisboa\/\" \/>\n<meta property=\"og:site_name\" content=\"Real Hotels Group\" \/>\n<meta property=\"article:modified_time\" content=\"2020-12-01T16:02:29+00:00\" \/>\n<meta name=\"twitter:card\" content=\"summary_large_image\" \/>\n<meta name=\"twitter:label1\" content=\"Tempo estimado de leitura\" \/>\n\t<meta name=\"twitter:data1\" content=\"1 minuto\" \/>\n<script type=\"application\/ld+json\" class=\"yoast-schema-graph\">{\"@context\":\"https:\/\/schema.org\",\"@graph\":[{\"@type\":\"WebPage\",\"@id\":\"https:\/\/www.realhotelsgroup.com\/pt-pt\/portugal\/lisboa\/\",\"url\":\"https:\/\/www.realhotelsgroup.com\/pt-pt\/portugal\/lisboa\/\",\"name\":\"Lisboa - Real Hotels Group\",\"isPartOf\":{\"@id\":\"https:\/\/www.realhotelsgroup.com\/pt-pt\/#website\"},\"datePublished\":\"2020-12-01T15:00:57+00:00\",\"dateModified\":\"2020-12-01T16:02:29+00:00\",\"breadcrumb\":{\"@id\":\"https:\/\/www.realhotelsgroup.com\/pt-pt\/portugal\/lisboa\/#breadcrumb\"},\"inLanguage\":\"pt-PT\",\"potentialAction\":[{\"@type\":\"ReadAction\",\"target\":[\"https:\/\/www.realhotelsgroup.com\/pt-pt\/portugal\/lisboa\/\"]}]},{\"@type\":\"BreadcrumbList\",\"@id\":\"https:\/\/www.realhotelsgroup.com\/pt-pt\/portugal\/lisboa\/#breadcrumb\",\"itemListElement\":[{\"@type\":\"ListItem\",\"position\":1,\"name\":\"Home\",\"item\":\"https:\/\/www.realhotelsgroup.com\/pt-pt\/\"},{\"@type\":\"ListItem\",\"position\":2,\"name\":\"Portugal\",\"item\":\"https:\/\/www.realhotelsgroup.com\/pt-pt\/portugal\/\"},{\"@type\":\"ListItem\",\"position\":3,\"name\":\"Lisboa\"}]},{\"@type\":\"WebSite\",\"@id\":\"https:\/\/www.realhotelsgroup.com\/pt-pt\/#website\",\"url\":\"https:\/\/www.realhotelsgroup.com\/pt-pt\/\",\"name\":\"Real Hotels Group\",\"description\":\"Just another ms.decms.eu site\",\"potentialAction\":[{\"@type\":\"SearchAction\",\"target\":{\"@type\":\"EntryPoint\",\"urlTemplate\":\"https:\/\/www.realhotelsgroup.com\/pt-pt\/?s={search_term_string}\"},\"query-input\":{\"@type\":\"PropertyValueSpecification\",\"valueRequired\":true,\"valueName\":\"search_term_string\"}}],\"inLanguage\":\"pt-PT\"}]}<\/script>\n<!-- \/ Yoast SEO plugin. -->","yoast_head_json":{"title":"Lisboa - Real Hotels Group","robots":{"index":"index","follow":"follow","max-snippet":"max-snippet:-1","max-image-preview":"max-image-preview:large","max-video-preview":"max-video-preview:-1"},"canonical":"https:\/\/www.realhotelsgroup.com\/pt-pt\/portugal\/lisboa\/","og_locale":"pt_PT","og_type":"article","og_title":"Lisboa - Real Hotels Group","og_description":"A sua hist\u00f3ria \u00e9 longa, feita de avan\u00e7os e recuos entre conquistas e reconquistas. O melhor ser\u00e1 remontar aos prim\u00f3rdios da funda\u00e7\u00e3o da cidade. Para tal, sugerimos que fa\u00e7a uma visita ao Castelo de S\u00e3o Jorge, a mais alta das sete colinas que um dia desenharam o perfil de Lisboa. Pensa-se que ter\u00e1 sido neste [&hellip;]","og_url":"https:\/\/www.realhotelsgroup.com\/pt-pt\/portugal\/lisboa\/","og_site_name":"Real Hotels Group","article_modified_time":"2020-12-01T16:02:29+00:00","twitter_card":"summary_large_image","twitter_misc":{"Tempo estimado de leitura":"1 minuto"},"schema":{"@context":"https:\/\/schema.org","@graph":[{"@type":"WebPage","@id":"https:\/\/www.realhotelsgroup.com\/pt-pt\/portugal\/lisboa\/","url":"https:\/\/www.realhotelsgroup.com\/pt-pt\/portugal\/lisboa\/","name":"Lisboa - Real Hotels Group","isPartOf":{"@id":"https:\/\/www.realhotelsgroup.com\/pt-pt\/#website"},"datePublished":"2020-12-01T15:00:57+00:00","dateModified":"2020-12-01T16:02:29+00:00","breadcrumb":{"@id":"https:\/\/www.realhotelsgroup.com\/pt-pt\/portugal\/lisboa\/#breadcrumb"},"inLanguage":"pt-PT","potentialAction":[{"@type":"ReadAction","target":["https:\/\/www.realhotelsgroup.com\/pt-pt\/portugal\/lisboa\/"]}]},{"@type":"BreadcrumbList","@id":"https:\/\/www.realhotelsgroup.com\/pt-pt\/portugal\/lisboa\/#breadcrumb","itemListElement":[{"@type":"ListItem","position":1,"name":"Home","item":"https:\/\/www.realhotelsgroup.com\/pt-pt\/"},{"@type":"ListItem","position":2,"name":"Portugal","item":"https:\/\/www.realhotelsgroup.com\/pt-pt\/portugal\/"},{"@type":"ListItem","position":3,"name":"Lisboa"}]},{"@type":"WebSite","@id":"https:\/\/www.realhotelsgroup.com\/pt-pt\/#website","url":"https:\/\/www.realhotelsgroup.com\/pt-pt\/","name":"Real Hotels Group","description":"Just another ms.decms.eu site","potentialAction":[{"@type":"SearchAction","target":{"@type":"EntryPoint","urlTemplate":"https:\/\/www.realhotelsgroup.com\/pt-pt\/?s={search_term_string}"},"query-input":{"@type":"PropertyValueSpecification","valueRequired":true,"valueName":"search_term_string"}}],"inLanguage":"pt-PT"}]}},"acf":[],"_links":{"self":[{"href":"https:\/\/www.realhotelsgroup.com\/pt-pt\/wp-json\/wp\/v2\/pages\/283","targetHints":{"allow":["GET"]}}],"collection":[{"href":"https:\/\/www.realhotelsgroup.com\/pt-pt\/wp-json\/wp\/v2\/pages"}],"about":[{"href":"https:\/\/www.realhotelsgroup.com\/pt-pt\/wp-json\/wp\/v2\/types\/page"}],"author":[{"embeddable":true,"href":"https:\/\/www.realhotelsgroup.com\/pt-pt\/wp-json\/wp\/v2\/users\/36"}],"replies":[{"embeddable":true,"href":"https:\/\/www.realhotelsgroup.com\/pt-pt\/wp-json\/wp\/v2\/comments?post=283"}],"version-history":[{"count":0,"href":"https:\/\/www.realhotelsgroup.com\/pt-pt\/wp-json\/wp\/v2\/pages\/283\/revisions"}],"up":[{"embeddable":true,"href":"https:\/\/www.realhotelsgroup.com\/pt-pt\/wp-json\/wp\/v2\/pages\/268"}],"wp:attachment":[{"href":"https:\/\/www.realhotelsgroup.com\/pt-pt\/wp-json\/wp\/v2\/media?parent=283"}],"curies":[{"name":"wp","href":"https:\/\/api.w.org\/{rel}","templated":true}]}}