{"id":299,"date":"2020-12-01T16:19:45","date_gmt":"2020-12-01T16:19:45","guid":{"rendered":"http:\/\/real-hotels-group.ms.decms.eu\/?page_id=299"},"modified":"2025-05-02T15:47:07","modified_gmt":"2025-05-02T15:47:07","slug":"albufeira","status":"publish","type":"page","link":"https:\/\/www.realhotelsgroup.com\/pt-pt\/portugal\/albufeira\/","title":{"rendered":"Albufeira"},"content":{"rendered":"<p>Se gosta de praia, como n\u00f3s, surpreenda-se com as magn\u00edficas paisagens e com a areia fina e branca; prove as iguarias locais e desfrute da vida nocturna. Os peixes e mariscos, assim como a rica do\u00e7aria conventual elaborada com primor, fazem as del\u00edcias daqueles que nos visitam.<\/p>\n<p>Durante o dia existem muitas actividades \u00e0 escolha, seja divertir-se nos parques aqu\u00e1ticos ou aprofundar os seus conhecimentos sobre a vida marinha no Zoomarine. \u00c0 noite desfrute de uma das muitas esplanadas, bares e discotecas que fazem da Oura e de Albufeira um dos mais famosos spots nocturnos do Algarve.<\/p>\n","protected":false},"excerpt":{"rendered":"<p>Se gosta de praia, como n\u00f3s, surpreenda-se com as magn\u00edficas paisagens e com a areia fina e branca; prove as iguarias locais e desfrute da vida nocturna. Os peixes e mariscos, assim como a rica do\u00e7aria conventual elaborada com primor, fazem as del\u00edcias daqueles que nos visitam. Durante o dia existem muitas actividades \u00e0 escolha, [&hellip;]<\/p>\n","protected":false},"author":36,"featured_media":0,"parent":268,"menu_order":40,"comment_status":"closed","ping_status":"closed","template":"template-single-destination.php","meta":{"footnotes":""},"class_list":["post-299","page","type-page","status-publish","hentry"],"yoast_head":"<!-- This site is optimized with the Yoast SEO plugin v26.9 - https:\/\/yoast.com\/product\/yoast-seo-wordpress\/ -->\n<title>Albufeira - Real Hotels Group<\/title>\n<meta name=\"robots\" content=\"index, follow, max-snippet:-1, max-image-preview:large, max-video-preview:-1\" \/>\n<link rel=\"canonical\" href=\"https:\/\/www.realhotelsgroup.com\/pt-pt\/portugal\/albufeira\/\" \/>\n<meta property=\"og:locale\" content=\"pt_PT\" \/>\n<meta property=\"og:type\" content=\"article\" \/>\n<meta property=\"og:title\" content=\"Albufeira - Real Hotels Group\" \/>\n<meta property=\"og:description\" content=\"Se gosta de praia, como n\u00f3s, surpreenda-se com as magn\u00edficas paisagens e com a areia fina e branca; prove as iguarias locais e desfrute da vida nocturna. Os peixes e mariscos, assim como a rica do\u00e7aria conventual elaborada com primor, fazem as del\u00edcias daqueles que nos visitam. Durante o dia existem muitas actividades \u00e0 escolha, [&hellip;]\" \/>\n<meta property=\"og:url\" content=\"https:\/\/www.realhotelsgroup.com\/pt-pt\/portugal\/albufeira\/\" \/>\n<meta property=\"og:site_name\" content=\"Real Hotels Group\" \/>\n<meta property=\"article:modified_time\" content=\"2025-05-02T15:47:07+00:00\" \/>\n<meta name=\"twitter:card\" content=\"summary_large_image\" \/>\n<meta name=\"twitter:label1\" content=\"Tempo estimado de leitura\" \/>\n\t<meta name=\"twitter:data1\" content=\"1 minuto\" \/>\n<script type=\"application\/ld+json\" class=\"yoast-schema-graph\">{\"@context\":\"https:\/\/schema.org\",\"@graph\":[{\"@type\":\"WebPage\",\"@id\":\"https:\/\/www.realhotelsgroup.com\/pt-pt\/portugal\/albufeira\/\",\"url\":\"https:\/\/www.realhotelsgroup.com\/pt-pt\/portugal\/albufeira\/\",\"name\":\"Albufeira - Real Hotels Group\",\"isPartOf\":{\"@id\":\"https:\/\/www.realhotelsgroup.com\/pt-pt\/#website\"},\"datePublished\":\"2020-12-01T16:19:45+00:00\",\"dateModified\":\"2025-05-02T15:47:07+00:00\",\"breadcrumb\":{\"@id\":\"https:\/\/www.realhotelsgroup.com\/pt-pt\/portugal\/albufeira\/#breadcrumb\"},\"inLanguage\":\"pt-PT\",\"potentialAction\":[{\"@type\":\"ReadAction\",\"target\":[\"https:\/\/www.realhotelsgroup.com\/pt-pt\/portugal\/albufeira\/\"]}]},{\"@type\":\"BreadcrumbList\",\"@id\":\"https:\/\/www.realhotelsgroup.com\/pt-pt\/portugal\/albufeira\/#breadcrumb\",\"itemListElement\":[{\"@type\":\"ListItem\",\"position\":1,\"name\":\"Home\",\"item\":\"https:\/\/www.realhotelsgroup.com\/pt-pt\/\"},{\"@type\":\"ListItem\",\"position\":2,\"name\":\"Portugal\",\"item\":\"https:\/\/www.realhotelsgroup.com\/pt-pt\/portugal\/\"},{\"@type\":\"ListItem\",\"position\":3,\"name\":\"Albufeira\"}]},{\"@type\":\"WebSite\",\"@id\":\"https:\/\/www.realhotelsgroup.com\/pt-pt\/#website\",\"url\":\"https:\/\/www.realhotelsgroup.com\/pt-pt\/\",\"name\":\"Real Hotels Group\",\"description\":\"Just another ms.decms.eu site\",\"potentialAction\":[{\"@type\":\"SearchAction\",\"target\":{\"@type\":\"EntryPoint\",\"urlTemplate\":\"https:\/\/www.realhotelsgroup.com\/pt-pt\/?s={search_term_string}\"},\"query-input\":{\"@type\":\"PropertyValueSpecification\",\"valueRequired\":true,\"valueName\":\"search_term_string\"}}],\"inLanguage\":\"pt-PT\"}]}<\/script>\n<!-- \/ Yoast SEO plugin. -->","yoast_head_json":{"title":"Albufeira - Real Hotels Group","robots":{"index":"index","follow":"follow","max-snippet":"max-snippet:-1","max-image-preview":"max-image-preview:large","max-video-preview":"max-video-preview:-1"},"canonical":"https:\/\/www.realhotelsgroup.com\/pt-pt\/portugal\/albufeira\/","og_locale":"pt_PT","og_type":"article","og_title":"Albufeira - Real Hotels Group","og_description":"Se gosta de praia, como n\u00f3s, surpreenda-se com as magn\u00edficas paisagens e com a areia fina e branca; prove as iguarias locais e desfrute da vida nocturna. Os peixes e mariscos, assim como a rica do\u00e7aria conventual elaborada com primor, fazem as del\u00edcias daqueles que nos visitam. Durante o dia existem muitas actividades \u00e0 escolha, [&hellip;]","og_url":"https:\/\/www.realhotelsgroup.com\/pt-pt\/portugal\/albufeira\/","og_site_name":"Real Hotels Group","article_modified_time":"2025-05-02T15:47:07+00:00","twitter_card":"summary_large_image","twitter_misc":{"Tempo estimado de leitura":"1 minuto"},"schema":{"@context":"https:\/\/schema.org","@graph":[{"@type":"WebPage","@id":"https:\/\/www.realhotelsgroup.com\/pt-pt\/portugal\/albufeira\/","url":"https:\/\/www.realhotelsgroup.com\/pt-pt\/portugal\/albufeira\/","name":"Albufeira - Real Hotels Group","isPartOf":{"@id":"https:\/\/www.realhotelsgroup.com\/pt-pt\/#website"},"datePublished":"2020-12-01T16:19:45+00:00","dateModified":"2025-05-02T15:47:07+00:00","breadcrumb":{"@id":"https:\/\/www.realhotelsgroup.com\/pt-pt\/portugal\/albufeira\/#breadcrumb"},"inLanguage":"pt-PT","potentialAction":[{"@type":"ReadAction","target":["https:\/\/www.realhotelsgroup.com\/pt-pt\/portugal\/albufeira\/"]}]},{"@type":"BreadcrumbList","@id":"https:\/\/www.realhotelsgroup.com\/pt-pt\/portugal\/albufeira\/#breadcrumb","itemListElement":[{"@type":"ListItem","position":1,"name":"Home","item":"https:\/\/www.realhotelsgroup.com\/pt-pt\/"},{"@type":"ListItem","position":2,"name":"Portugal","item":"https:\/\/www.realhotelsgroup.com\/pt-pt\/portugal\/"},{"@type":"ListItem","position":3,"name":"Albufeira"}]},{"@type":"WebSite","@id":"https:\/\/www.realhotelsgroup.com\/pt-pt\/#website","url":"https:\/\/www.realhotelsgroup.com\/pt-pt\/","name":"Real Hotels Group","description":"Just another ms.decms.eu site","potentialAction":[{"@type":"SearchAction","target":{"@type":"EntryPoint","urlTemplate":"https:\/\/www.realhotelsgroup.com\/pt-pt\/?s={search_term_string}"},"query-input":{"@type":"PropertyValueSpecification","valueRequired":true,"valueName":"search_term_string"}}],"inLanguage":"pt-PT"}]}},"acf":[],"_links":{"self":[{"href":"https:\/\/www.realhotelsgroup.com\/pt-pt\/wp-json\/wp\/v2\/pages\/299","targetHints":{"allow":["GET"]}}],"collection":[{"href":"https:\/\/www.realhotelsgroup.com\/pt-pt\/wp-json\/wp\/v2\/pages"}],"about":[{"href":"https:\/\/www.realhotelsgroup.com\/pt-pt\/wp-json\/wp\/v2\/types\/page"}],"author":[{"embeddable":true,"href":"https:\/\/www.realhotelsgroup.com\/pt-pt\/wp-json\/wp\/v2\/users\/36"}],"replies":[{"embeddable":true,"href":"https:\/\/www.realhotelsgroup.com\/pt-pt\/wp-json\/wp\/v2\/comments?post=299"}],"version-history":[{"count":0,"href":"https:\/\/www.realhotelsgroup.com\/pt-pt\/wp-json\/wp\/v2\/pages\/299\/revisions"}],"up":[{"embeddable":true,"href":"https:\/\/www.realhotelsgroup.com\/pt-pt\/wp-json\/wp\/v2\/pages\/268"}],"wp:attachment":[{"href":"https:\/\/www.realhotelsgroup.com\/pt-pt\/wp-json\/wp\/v2\/media?parent=299"}],"curies":[{"name":"wp","href":"https:\/\/api.w.org\/{rel}","templated":true}]}}