{"id":311,"date":"2020-12-02T08:34:18","date_gmt":"2020-12-02T08:34:18","guid":{"rendered":"http:\/\/real-hotels-group.ms.decms.eu\/?page_id=311"},"modified":"2025-01-23T10:49:46","modified_gmt":"2025-01-23T10:49:46","slug":"historia","status":"publish","type":"page","link":"https:\/\/www.realhotelsgroup.com\/pt-pt\/historia\/","title":{"rendered":"Sobre n\u00f3s"},"content":{"rendered":"<p><em>Mais do que hot\u00e9is, um compromisso com excel\u00eancia e autenticidade<\/em><\/p>\n<p>Foi num mundo em transforma\u00e7\u00e3o que, em 2020, nasceu o <strong>Real Hotels Group<\/strong>, resultado da maior fus\u00e3o da ind\u00fastria hoteleira portuguesa da \u00faltima d\u00e9cada. Um projeto ambicioso e vision\u00e1rio, constru\u00eddo por profissionais que decidiram trilhar um caminho diferente: valorizar a autenticidade, hospitalidade e inova\u00e7\u00e3o, mesmo em tempos de incerteza.<\/p>\n<p><strong>A nossa hist\u00f3ria:<\/strong><br \/>\nCom um portf\u00f3lio de 18 hot\u00e9is e 2.400 quartos em Lisboa, Porto e Algarve, a nossa trajet\u00f3ria \u00e9 marcada por momentos estrat\u00e9gicos:<\/p>\n<ul>\n<li><strong>Hot\u00e9is Real<\/strong><br \/>\nFundados em 1994, representam a Portugalidade e excel\u00eancia com unidades emblem\u00e1ticas em Lisboa, Cascais e Algarve.<\/li>\n<li><strong>Holiday Inn Express<\/strong><br \/>\nDesde 2009, com seis unidades em regime de franchise da IHG, cresceram como refer\u00eancia nas principais cidades portuguesas.<\/li>\n<li><strong>Hot\u00e9is Amaz\u00f3nia<\/strong><br \/>\nEm 2023, adquirimos este portf\u00f3lio de 4 unidades, refor\u00e7ando a nossa presen\u00e7a no mercado e ampliando a diversidade da nossa oferta.<\/li>\n<\/ul>\n<p><strong>Mais do que um grupo hoteleiro:<\/strong> somos uma comunidade de pessoas apaixonadas por criar experi\u00eancias \u00fanicas e memor\u00e1veis. Cada hotel \u00e9 cuidadosamente projetado para refletir a hist\u00f3ria e a cultura dos locais onde est\u00e1 inserido, combinando comodidade, servi\u00e7o, tecnologia e eleg\u00e2ncia.<\/p>\n<p><strong>Olhamos para o futuro.<\/strong> Estamos comprometidos com um futuro respons\u00e1vel e sustent\u00e1vel, atrav\u00e9s de a\u00e7\u00f5es socioambientais e de governan\u00e7a que fazem a diferen\u00e7a. Este \u00e9 o nosso compromisso com os nossos h\u00f3spedes, equipas e comunidades.<\/p>\n<p>No Real Hotels Group, acolhemos o presente e o futuro com a mesma paix\u00e3o que marcou a nossa hist\u00f3ria.<\/p>\n<p>&nbsp;<\/p>\n<p><em>Bem-vindo a um mundo de hospitalidade sem igual.<\/em><\/p>\n","protected":false},"excerpt":{"rendered":"<p>Mais do que hot\u00e9is, um compromisso com excel\u00eancia e autenticidade Foi num mundo em transforma\u00e7\u00e3o que, em 2020, nasceu o Real Hotels Group, resultado da maior fus\u00e3o da ind\u00fastria hoteleira portuguesa da \u00faltima d\u00e9cada. Um projeto ambicioso e vision\u00e1rio, constru\u00eddo por profissionais que decidiram trilhar um caminho diferente: valorizar a autenticidade, hospitalidade e inova\u00e7\u00e3o, mesmo [&hellip;]<\/p>\n","protected":false},"author":36,"featured_media":0,"parent":0,"menu_order":90,"comment_status":"closed","ping_status":"closed","template":"template-about-us.php","meta":{"footnotes":""},"class_list":["post-311","page","type-page","status-publish","hentry"],"yoast_head":"<!-- This site is optimized with the Yoast SEO plugin v26.9 - https:\/\/yoast.com\/product\/yoast-seo-wordpress\/ -->\n<title>Sobre n\u00f3s - Real Hotels Group<\/title>\n<meta name=\"robots\" content=\"index, follow, max-snippet:-1, max-image-preview:large, max-video-preview:-1\" \/>\n<link rel=\"canonical\" href=\"https:\/\/www.realhotelsgroup.com\/pt-pt\/historia\/\" \/>\n<meta property=\"og:locale\" content=\"pt_PT\" \/>\n<meta property=\"og:type\" content=\"article\" \/>\n<meta property=\"og:title\" content=\"Sobre n\u00f3s - Real Hotels Group\" \/>\n<meta property=\"og:description\" content=\"Mais do que hot\u00e9is, um compromisso com excel\u00eancia e autenticidade Foi num mundo em transforma\u00e7\u00e3o que, em 2020, nasceu o Real Hotels Group, resultado da maior fus\u00e3o da ind\u00fastria hoteleira portuguesa da \u00faltima d\u00e9cada. Um projeto ambicioso e vision\u00e1rio, constru\u00eddo por profissionais que decidiram trilhar um caminho diferente: valorizar a autenticidade, hospitalidade e inova\u00e7\u00e3o, mesmo [&hellip;]\" \/>\n<meta property=\"og:url\" content=\"https:\/\/www.realhotelsgroup.com\/pt-pt\/historia\/\" \/>\n<meta property=\"og:site_name\" content=\"Real Hotels Group\" \/>\n<meta property=\"article:modified_time\" content=\"2025-01-23T10:49:46+00:00\" \/>\n<meta name=\"twitter:card\" content=\"summary_large_image\" \/>\n<meta name=\"twitter:label1\" content=\"Tempo estimado de leitura\" \/>\n\t<meta name=\"twitter:data1\" content=\"2 minutos\" \/>\n<script type=\"application\/ld+json\" class=\"yoast-schema-graph\">{\"@context\":\"https:\/\/schema.org\",\"@graph\":[{\"@type\":\"WebPage\",\"@id\":\"https:\/\/www.realhotelsgroup.com\/pt-pt\/historia\/\",\"url\":\"https:\/\/www.realhotelsgroup.com\/pt-pt\/historia\/\",\"name\":\"Sobre n\u00f3s - Real Hotels Group\",\"isPartOf\":{\"@id\":\"https:\/\/www.realhotelsgroup.com\/pt-pt\/#website\"},\"datePublished\":\"2020-12-02T08:34:18+00:00\",\"dateModified\":\"2025-01-23T10:49:46+00:00\",\"breadcrumb\":{\"@id\":\"https:\/\/www.realhotelsgroup.com\/pt-pt\/historia\/#breadcrumb\"},\"inLanguage\":\"pt-PT\",\"potentialAction\":[{\"@type\":\"ReadAction\",\"target\":[\"https:\/\/www.realhotelsgroup.com\/pt-pt\/historia\/\"]}]},{\"@type\":\"BreadcrumbList\",\"@id\":\"https:\/\/www.realhotelsgroup.com\/pt-pt\/historia\/#breadcrumb\",\"itemListElement\":[{\"@type\":\"ListItem\",\"position\":1,\"name\":\"Home\",\"item\":\"https:\/\/www.realhotelsgroup.com\/pt-pt\/\"},{\"@type\":\"ListItem\",\"position\":2,\"name\":\"Sobre n\u00f3s\"}]},{\"@type\":\"WebSite\",\"@id\":\"https:\/\/www.realhotelsgroup.com\/pt-pt\/#website\",\"url\":\"https:\/\/www.realhotelsgroup.com\/pt-pt\/\",\"name\":\"Real Hotels Group\",\"description\":\"Just another ms.decms.eu site\",\"potentialAction\":[{\"@type\":\"SearchAction\",\"target\":{\"@type\":\"EntryPoint\",\"urlTemplate\":\"https:\/\/www.realhotelsgroup.com\/pt-pt\/?s={search_term_string}\"},\"query-input\":{\"@type\":\"PropertyValueSpecification\",\"valueRequired\":true,\"valueName\":\"search_term_string\"}}],\"inLanguage\":\"pt-PT\"}]}<\/script>\n<!-- \/ Yoast SEO plugin. -->","yoast_head_json":{"title":"Sobre n\u00f3s - Real Hotels Group","robots":{"index":"index","follow":"follow","max-snippet":"max-snippet:-1","max-image-preview":"max-image-preview:large","max-video-preview":"max-video-preview:-1"},"canonical":"https:\/\/www.realhotelsgroup.com\/pt-pt\/historia\/","og_locale":"pt_PT","og_type":"article","og_title":"Sobre n\u00f3s - Real Hotels Group","og_description":"Mais do que hot\u00e9is, um compromisso com excel\u00eancia e autenticidade Foi num mundo em transforma\u00e7\u00e3o que, em 2020, nasceu o Real Hotels Group, resultado da maior fus\u00e3o da ind\u00fastria hoteleira portuguesa da \u00faltima d\u00e9cada. Um projeto ambicioso e vision\u00e1rio, constru\u00eddo por profissionais que decidiram trilhar um caminho diferente: valorizar a autenticidade, hospitalidade e inova\u00e7\u00e3o, mesmo [&hellip;]","og_url":"https:\/\/www.realhotelsgroup.com\/pt-pt\/historia\/","og_site_name":"Real Hotels Group","article_modified_time":"2025-01-23T10:49:46+00:00","twitter_card":"summary_large_image","twitter_misc":{"Tempo estimado de leitura":"2 minutos"},"schema":{"@context":"https:\/\/schema.org","@graph":[{"@type":"WebPage","@id":"https:\/\/www.realhotelsgroup.com\/pt-pt\/historia\/","url":"https:\/\/www.realhotelsgroup.com\/pt-pt\/historia\/","name":"Sobre n\u00f3s - Real Hotels Group","isPartOf":{"@id":"https:\/\/www.realhotelsgroup.com\/pt-pt\/#website"},"datePublished":"2020-12-02T08:34:18+00:00","dateModified":"2025-01-23T10:49:46+00:00","breadcrumb":{"@id":"https:\/\/www.realhotelsgroup.com\/pt-pt\/historia\/#breadcrumb"},"inLanguage":"pt-PT","potentialAction":[{"@type":"ReadAction","target":["https:\/\/www.realhotelsgroup.com\/pt-pt\/historia\/"]}]},{"@type":"BreadcrumbList","@id":"https:\/\/www.realhotelsgroup.com\/pt-pt\/historia\/#breadcrumb","itemListElement":[{"@type":"ListItem","position":1,"name":"Home","item":"https:\/\/www.realhotelsgroup.com\/pt-pt\/"},{"@type":"ListItem","position":2,"name":"Sobre n\u00f3s"}]},{"@type":"WebSite","@id":"https:\/\/www.realhotelsgroup.com\/pt-pt\/#website","url":"https:\/\/www.realhotelsgroup.com\/pt-pt\/","name":"Real Hotels Group","description":"Just another ms.decms.eu site","potentialAction":[{"@type":"SearchAction","target":{"@type":"EntryPoint","urlTemplate":"https:\/\/www.realhotelsgroup.com\/pt-pt\/?s={search_term_string}"},"query-input":{"@type":"PropertyValueSpecification","valueRequired":true,"valueName":"search_term_string"}}],"inLanguage":"pt-PT"}]}},"acf":[],"_links":{"self":[{"href":"https:\/\/www.realhotelsgroup.com\/pt-pt\/wp-json\/wp\/v2\/pages\/311","targetHints":{"allow":["GET"]}}],"collection":[{"href":"https:\/\/www.realhotelsgroup.com\/pt-pt\/wp-json\/wp\/v2\/pages"}],"about":[{"href":"https:\/\/www.realhotelsgroup.com\/pt-pt\/wp-json\/wp\/v2\/types\/page"}],"author":[{"embeddable":true,"href":"https:\/\/www.realhotelsgroup.com\/pt-pt\/wp-json\/wp\/v2\/users\/36"}],"replies":[{"embeddable":true,"href":"https:\/\/www.realhotelsgroup.com\/pt-pt\/wp-json\/wp\/v2\/comments?post=311"}],"version-history":[{"count":0,"href":"https:\/\/www.realhotelsgroup.com\/pt-pt\/wp-json\/wp\/v2\/pages\/311\/revisions"}],"wp:attachment":[{"href":"https:\/\/www.realhotelsgroup.com\/pt-pt\/wp-json\/wp\/v2\/media?parent=311"}],"curies":[{"name":"wp","href":"https:\/\/api.w.org\/{rel}","templated":true}]}}